{"id":388,"date":"2015-11-12T11:53:31","date_gmt":"2015-11-12T11:53:31","guid":{"rendered":"http:\/\/libero.mikado-themes.com\/?page_id=388"},"modified":"2018-08-08T11:53:57","modified_gmt":"2018-08-08T08:53:57","slug":"home","status":"publish","type":"page","link":"https:\/\/www.karahukukankara.com\/","title":{"rendered":"Home 1"},"content":{"rendered":"<p>[vc_row content_width=&#8221;grid&#8221; content_aligment=&#8221;center&#8221; triangle_shape=&#8221;no&#8221; css=&#8221;.vc_custom_1532881043041{padding-top: 70px !important;padding-bottom: 10px !important;background-image: url(http:\/\/alfatasarim.org\/karahukuk\/wp-content\/uploads\/2018\/07\/light-cyan-NR.jpg?id=2794) !important;background-position: center !important;background-repeat: no-repeat !important;background-size: cover !important;}&#8221;][vc_column]<div class=\"mkd-separator-holder clearfix  mkd-separator-center mkd-separator-with-icon mkd-animate\" style=\"margin-top: 20px; margin-bottom: 30px\">\n\t<div class=\"mkd-separator\" style=\"border-color: #c18f59;border-style: solid;width: 97.5px\"><\/div>\n\t\t<div class=\"mkd-separator-icon\">\n\t\t\t                    <img width=\"143\" height=\"56\" src=\"https:\/\/www.karahukukankara.com\/wp-content\/uploads\/2018\/08\/L9.png\" class=\"attachment-full size-full\" alt=\"\" decoding=\"async\" loading=\"lazy\" \/>\t\t\t\t\t\t<\/div>\n\t<div class=\"mkd-separator\" style=\"border-color: #c18f59;border-style: solid;width: 97.5px\"><\/div>\n<\/div>\n[vc_column_text]<\/p>\n<h1><span style=\"color: #c18f59;\">Kara Hukuk<\/span>\u00a0Herzaman yan\u0131n\u0131zda<\/h1>\n<p>[\/vc_column_text][vc_empty_space height=&#8221;23px&#8221;][vc_column_text]<\/p>\n<p style=\"text-align: justify;\"><strong>Kara Hukuk B\u00fcrosu<\/strong> 2004 y\u0131l\u0131nda kurulmu\u015ftur. Ankara\u2019da faaliyet g\u00f6steren b\u00fcromuz hem dan\u0131\u015fmanl\u0131k hem de dava takibi hizmetleri sunmaktad\u0131r.<\/p>\n<p>&nbsp;<\/p>\n<p style=\"text-align: justify;\">B\u00fcromuzun ba\u015fl\u0131ca faaliyet alanlar\u0131 <strong>\u015eirketler Hukuku<\/strong> ve <strong>Kooperatifler Hukuku<\/strong>na ili\u015fkin olmak \u00fczere, <strong>Sa\u011fl\u0131k Hukuku<\/strong>, <strong>Ticaret Hukuku<\/strong>, <strong>\u0130\u015f Hukuku<\/strong>, <strong>\u0130cra Hukuku<\/strong>, <strong>Marka Hukuku<\/strong> ve <strong>Aile Hukuku<\/strong> alanlar\u0131nda da hizmetler vermektedir.<\/p>\n<p>&nbsp;<\/p>\n<p style=\"text-align: justify;\">Hukuki hizmetlerimizde son derece karma\u015f\u0131k konular\u0131 basitle\u015ftirerek pratik \u00e7\u00f6z\u00fcmler \u00fcretmek konusunda titiz ve detayl\u0131 hukuki hizmet sunulmaktad\u0131r. Hizmet verdi\u011fimiz sekt\u00f6rlere ili\u015fkin yasal geli\u015fmeleri yak\u0131ndan takip ederek, m\u00fcvekkillerimize etkin ve dinamik avukatl\u0131k ve hukuk dan\u0131\u015fmanl\u0131\u011f\u0131 hizmeti sa\u011flamay\u0131 ama\u00e7lamaktay\u0131z.<\/p>\n<p>[\/vc_column_text][vc_empty_space height=&#8221;60px&#8221;][vc_row_inner][vc_column_inner width=&#8221;1\/3&#8243;][vc_single_image image=&#8221;2759&#8243; img_size=&#8221;full&#8221; alignment=&#8221;center&#8221; style=&#8221;vc_box_shadow_border&#8221;]<div class=\"mkd-separator-holder clearfix  mkd-separator-center mkd-separator-with-icon mkd-animate\" style=\"margin-top: 20px; margin-bottom: 30px\">\n\t<div class=\"mkd-separator\" style=\"border-color: #c18f59;border-style: solid;width: 97.5px\"><\/div>\n\t\t<div class=\"mkd-separator-icon\">\n\t\t\t                    <img width=\"75\" height=\"29\" src=\"https:\/\/www.karahukukankara.com\/wp-content\/uploads\/2018\/08\/P0.png\" class=\"attachment-full size-full\" alt=\"\" decoding=\"async\" loading=\"lazy\" \/>\t\t\t\t\t\t<\/div>\n\t<div class=\"mkd-separator\" style=\"border-color: #c18f59;border-style: solid;width: 97.5px\"><\/div>\n<\/div>\n[vc_column_text]<\/p>\n<p style=\"text-align: center;\"><strong>Ticaret ve \u015eirketler Hukuku<\/strong><\/p>\n<p>[\/vc_column_text][\/vc_column_inner][vc_column_inner width=&#8221;1\/3&#8243;][vc_single_image image=&#8221;2767&#8243; img_size=&#8221;full&#8221; alignment=&#8221;center&#8221; style=&#8221;vc_box_shadow_border&#8221;]<div class=\"mkd-separator-holder clearfix  mkd-separator-center mkd-separator-with-icon mkd-animate\" style=\"margin-top: 20px; margin-bottom: 30px\">\n\t<div class=\"mkd-separator\" style=\"border-color: #c18f59;border-style: solid;width: 97.5px\"><\/div>\n\t\t<div class=\"mkd-separator-icon\">\n\t\t\t                    <img width=\"75\" height=\"29\" src=\"https:\/\/www.karahukukankara.com\/wp-content\/uploads\/2018\/08\/P0.png\" class=\"attachment-full size-full\" alt=\"\" decoding=\"async\" loading=\"lazy\" \/>\t\t\t\t\t\t<\/div>\n\t<div class=\"mkd-separator\" style=\"border-color: #c18f59;border-style: solid;width: 97.5px\"><\/div>\n<\/div>\n[vc_column_text]<\/p>\n<p style=\"text-align: center;\"><strong>Marka Hukuku<\/strong><\/p>\n<p>[\/vc_column_text][\/vc_column_inner][vc_column_inner width=&#8221;1\/3&#8243;][vc_single_image image=&#8221;2768&#8243; img_size=&#8221;full&#8221; alignment=&#8221;center&#8221; style=&#8221;vc_box_shadow_border&#8221;]<div class=\"mkd-separator-holder clearfix  mkd-separator-center mkd-separator-with-icon mkd-animate\" style=\"margin-top: 20px; margin-bottom: 30px\">\n\t<div class=\"mkd-separator\" style=\"border-color: #c18f59;border-style: solid;width: 97.5px\"><\/div>\n\t\t<div class=\"mkd-separator-icon\">\n\t\t\t                    <img width=\"75\" height=\"29\" src=\"https:\/\/www.karahukukankara.com\/wp-content\/uploads\/2018\/08\/P0.png\" class=\"attachment-full size-full\" alt=\"\" decoding=\"async\" loading=\"lazy\" \/>\t\t\t\t\t\t<\/div>\n\t<div class=\"mkd-separator\" style=\"border-color: #c18f59;border-style: solid;width: 97.5px\"><\/div>\n<\/div>\n[vc_column_text]<\/p>\n<p style=\"text-align: center;\"><strong>\u0130\u015f Hukuku<\/strong><\/p>\n<p>[\/vc_column_text][\/vc_column_inner][\/vc_row_inner][vc_empty_space height=&#8221;60px&#8221;][vc_row_inner][vc_column_inner width=&#8221;1\/3&#8243;][vc_single_image image=&#8221;2770&#8243; img_size=&#8221;full&#8221; alignment=&#8221;center&#8221; style=&#8221;vc_box_shadow_border&#8221;]<div class=\"mkd-separator-holder clearfix  mkd-separator-center mkd-separator-with-icon mkd-animate\" style=\"margin-top: 20px; margin-bottom: 30px\">\n\t<div class=\"mkd-separator\" style=\"border-color: #c18f59;border-style: solid;width: 97.5px\"><\/div>\n\t\t<div class=\"mkd-separator-icon\">\n\t\t\t                    <img width=\"75\" height=\"29\" src=\"https:\/\/www.karahukukankara.com\/wp-content\/uploads\/2018\/08\/P0.png\" class=\"attachment-full size-full\" alt=\"\" decoding=\"async\" loading=\"lazy\" \/>\t\t\t\t\t\t<\/div>\n\t<div class=\"mkd-separator\" style=\"border-color: #c18f59;border-style: solid;width: 97.5px\"><\/div>\n<\/div>\n[vc_column_text]<\/p>\n<p style=\"text-align: center;\"><strong>Aile Hukuku<\/strong><\/p>\n<p>[\/vc_column_text][\/vc_column_inner][vc_column_inner width=&#8221;1\/3&#8243;][vc_single_image image=&#8221;2771&#8243; img_size=&#8221;full&#8221; alignment=&#8221;center&#8221; style=&#8221;vc_box_shadow_border&#8221;]<div class=\"mkd-separator-holder clearfix  mkd-separator-center mkd-separator-with-icon mkd-animate\" style=\"margin-top: 20px; margin-bottom: 30px\">\n\t<div class=\"mkd-separator\" style=\"border-color: #c18f59;border-style: solid;width: 97.5px\"><\/div>\n\t\t<div class=\"mkd-separator-icon\">\n\t\t\t                    <img width=\"75\" height=\"29\" src=\"https:\/\/www.karahukukankara.com\/wp-content\/uploads\/2018\/08\/P0.png\" class=\"attachment-full size-full\" alt=\"\" decoding=\"async\" loading=\"lazy\" \/>\t\t\t\t\t\t<\/div>\n\t<div class=\"mkd-separator\" style=\"border-color: #c18f59;border-style: solid;width: 97.5px\"><\/div>\n<\/div>\n[vc_column_text]<\/p>\n<p style=\"text-align: center;\"><strong>Sa\u011fl\u0131k Hukuku<\/strong><\/p>\n<p>[\/vc_column_text][\/vc_column_inner][vc_column_inner width=&#8221;1\/3&#8243;][vc_single_image image=&#8221;2772&#8243; img_size=&#8221;full&#8221; alignment=&#8221;center&#8221; style=&#8221;vc_box_shadow_border&#8221;]<div class=\"mkd-separator-holder clearfix  mkd-separator-center mkd-separator-with-icon mkd-animate\" style=\"margin-top: 20px; margin-bottom: 30px\">\n\t<div class=\"mkd-separator\" style=\"border-color: #c18f59;border-style: solid;width: 97.5px\"><\/div>\n\t\t<div class=\"mkd-separator-icon\">\n\t\t\t                    <img width=\"75\" height=\"29\" src=\"https:\/\/www.karahukukankara.com\/wp-content\/uploads\/2018\/08\/P0.png\" class=\"attachment-full size-full\" alt=\"\" decoding=\"async\" loading=\"lazy\" \/>\t\t\t\t\t\t<\/div>\n\t<div class=\"mkd-separator\" style=\"border-color: #c18f59;border-style: solid;width: 97.5px\"><\/div>\n<\/div>\n[vc_column_text]<\/p>\n<p style=\"text-align: center;\"><strong>\u0130cra Hukuku<\/strong><\/p>\n<p>[\/vc_column_text][\/vc_column_inner][\/vc_row_inner][\/vc_column][\/vc_row][vc_row content_width=&#8221;grid&#8221; triangle_shape=&#8221;no&#8221;][vc_column width=&#8221;1\/3&#8243;][\/vc_column][vc_column width=&#8221;1\/3&#8243;][\/vc_column][vc_column width=&#8221;1\/3&#8243;][\/vc_column][\/vc_row]<\/p>\n","protected":false},"excerpt":{"rendered":"<p>[vc_row content_width=&#8221;grid&#8221; content_aligment=&#8221;center&#8221; triangle_shape=&#8221;no&#8221; css=&#8221;.vc_custom_1532881043041{padding-top: 70px !important;padding-bottom: 10px !important;background-image: url(http:\/\/alfatasarim.org\/karahukuk\/wp-content\/uploads\/2018\/07\/light-cyan-NR.jpg?id=2794) !important;background-position: center !important;background-repeat: no-repeat !important;background-size: cover !important;}&#8221;][vc_column][vc_column_text] Kara Hukuk\u00a0Herzaman yan\u0131n\u0131zda [\/vc_column_text][vc_empty_space height=&#8221;23px&#8221;][vc_column_text] Kara Hukuk B\u00fcrosu 2004 y\u0131l\u0131nda kurulmu\u015ftur. Ankara\u2019da faaliyet g\u00f6steren b\u00fcromuz hem dan\u0131\u015fmanl\u0131k hem de dava takibi hizmetleri sunmaktad\u0131r. &nbsp; B\u00fcromuzun ba\u015fl\u0131ca faaliyet alanlar\u0131 \u015eirketler Hukuku ve Kooperatifler Hukukuna ili\u015fkin olmak \u00fczere, Sa\u011fl\u0131k Hukuku, Ticaret Hukuku, \u0130\u015f Hukuku, \u0130cra Hukuku, Marka Hukuku ve Aile Hukuku alanlar\u0131nda da hizmetler vermektedir. &nbsp; Hukuki hizmetlerimizde son derece karma\u015f\u0131k konular\u0131 basitle\u015ftirerek pratik \u00e7\u00f6z\u00fcmler \u00fcretmek konusunda titiz ve detayl\u0131 hukuki hizmet sunulmaktad\u0131r. Hizmet verdi\u011fimiz sekt\u00f6rlere ili\u015fkin yasal geli\u015fmeleri yak\u0131ndan takip ederek, m\u00fcvekkillerimize etkin ve&#8230;<\/p>\n","protected":false},"author":1,"featured_media":0,"parent":0,"menu_order":0,"comment_status":"closed","ping_status":"closed","template":"full-width.php","meta":[],"_links":{"self":[{"href":"https:\/\/www.karahukukankara.com\/index.php\/wp-json\/wp\/v2\/pages\/388"}],"collection":[{"href":"https:\/\/www.karahukukankara.com\/index.php\/wp-json\/wp\/v2\/pages"}],"about":[{"href":"https:\/\/www.karahukukankara.com\/index.php\/wp-json\/wp\/v2\/types\/page"}],"author":[{"embeddable":true,"href":"https:\/\/www.karahukukankara.com\/index.php\/wp-json\/wp\/v2\/users\/1"}],"replies":[{"embeddable":true,"href":"https:\/\/www.karahukukankara.com\/index.php\/wp-json\/wp\/v2\/comments?post=388"}],"version-history":[{"count":56,"href":"https:\/\/www.karahukukankara.com\/index.php\/wp-json\/wp\/v2\/pages\/388\/revisions"}],"predecessor-version":[{"id":2889,"href":"https:\/\/www.karahukukankara.com\/index.php\/wp-json\/wp\/v2\/pages\/388\/revisions\/2889"}],"wp:attachment":[{"href":"https:\/\/www.karahukukankara.com\/index.php\/wp-json\/wp\/v2\/media?parent=388"}],"curies":[{"name":"wp","href":"https:\/\/api.w.org\/{rel}","templated":true}]}}