{"id":2969,"date":"2018-08-17T10:09:21","date_gmt":"2018-08-17T07:09:21","guid":{"rendered":"http:\/\/www.karahukukankara.com\/?page_id=2969"},"modified":"2018-08-17T10:43:02","modified_gmt":"2018-08-17T07:43:02","slug":"av-yildiz-kara","status":"publish","type":"page","link":"https:\/\/www.karahukukankara.com\/index.php\/av-yildiz-kara\/","title":{"rendered":"Av. Y\u0131ld\u0131z KARA"},"content":{"rendered":"<p>[vc_row triangle_shape=&#8221;no&#8221;][vc_column][vc_column_text]<strong>KURUCU AVUKAT<\/strong><\/p>\n<p>Av. Y\u0131ld\u0131z KARA 1977 Beypazar\u0131 do\u011fumludur. Evli ve 2 \u00e7ocuk annesidir. 2000 y\u0131l\u0131nda \u0130stanbul \u00dcniversitesi Hukuk Fak\u00fcltesi\u2019nden mezun oldu. 2001 y\u0131l\u0131ndan itibaren Ankara Barosu\u2019na kay\u0131tl\u0131 avukat olarak \u00e7al\u0131\u015fmaktad\u0131r. Halen Y\u0131ld\u0131r\u0131m Beyaz\u0131t \u00dcniversitesi Hukuk Fak\u00fcltesi\u2019nde Sa\u011fl\u0131k Hukuku alan\u0131nda y\u00fcksek lisans program\u0131na devam etmektedir.<\/p>\n<p>\u015eirketler ve ticaret hukuku, aile hukuku, marka hukuku, sa\u011fl\u0131k hukuku ve vergi hukuku alan\u0131ndaki \u00e7al\u0131\u015fmalar\u0131na aktif olarak devam etmektedir.[\/vc_column_text][vc_empty_space][\/vc_column][\/vc_row]<\/p>\n","protected":false},"excerpt":{"rendered":"<p>[vc_row triangle_shape=&#8221;no&#8221;][vc_column][vc_column_text]KURUCU AVUKAT Av. Y\u0131ld\u0131z KARA 1977 Beypazar\u0131 do\u011fumludur. Evli ve 2 \u00e7ocuk annesidir. 2000 y\u0131l\u0131nda \u0130stanbul \u00dcniversitesi Hukuk Fak\u00fcltesi\u2019nden mezun oldu. 2001 y\u0131l\u0131ndan itibaren Ankara Barosu\u2019na kay\u0131tl\u0131 avukat olarak \u00e7al\u0131\u015fmaktad\u0131r. Halen Y\u0131ld\u0131r\u0131m Beyaz\u0131t \u00dcniversitesi Hukuk Fak\u00fcltesi\u2019nde Sa\u011fl\u0131k Hukuku alan\u0131nda y\u00fcksek lisans program\u0131na devam etmektedir. \u015eirketler ve ticaret hukuku, aile hukuku, marka hukuku, sa\u011fl\u0131k hukuku ve vergi hukuku alan\u0131ndaki \u00e7al\u0131\u015fmalar\u0131na aktif olarak devam etmektedir.[\/vc_column_text][vc_empty_space][\/vc_column][\/vc_row]<\/p>\n","protected":false},"author":1,"featured_media":2965,"parent":0,"menu_order":0,"comment_status":"closed","ping_status":"closed","template":"","meta":[],"_links":{"self":[{"href":"https:\/\/www.karahukukankara.com\/index.php\/wp-json\/wp\/v2\/pages\/2969"}],"collection":[{"href":"https:\/\/www.karahukukankara.com\/index.php\/wp-json\/wp\/v2\/pages"}],"about":[{"href":"https:\/\/www.karahukukankara.com\/index.php\/wp-json\/wp\/v2\/types\/page"}],"author":[{"embeddable":true,"href":"https:\/\/www.karahukukankara.com\/index.php\/wp-json\/wp\/v2\/users\/1"}],"replies":[{"embeddable":true,"href":"https:\/\/www.karahukukankara.com\/index.php\/wp-json\/wp\/v2\/comments?post=2969"}],"version-history":[{"count":2,"href":"https:\/\/www.karahukukankara.com\/index.php\/wp-json\/wp\/v2\/pages\/2969\/revisions"}],"predecessor-version":[{"id":2976,"href":"https:\/\/www.karahukukankara.com\/index.php\/wp-json\/wp\/v2\/pages\/2969\/revisions\/2976"}],"wp:featuredmedia":[{"embeddable":true,"href":"https:\/\/www.karahukukankara.com\/index.php\/wp-json\/wp\/v2\/media\/2965"}],"wp:attachment":[{"href":"https:\/\/www.karahukukankara.com\/index.php\/wp-json\/wp\/v2\/media?parent=2969"}],"curies":[{"name":"wp","href":"https:\/\/api.w.org\/{rel}","templated":true}]}}