{"id":2939,"date":"2018-08-08T12:41:29","date_gmt":"2018-08-08T09:41:29","guid":{"rendered":"http:\/\/www.karahukukankara.com\/?page_id=2939"},"modified":"2018-08-17T11:05:40","modified_gmt":"2018-08-17T08:05:40","slug":"duyurular","status":"publish","type":"page","link":"https:\/\/www.karahukukankara.com\/index.php\/duyurular\/","title":{"rendered":"DUYURULAR"},"content":{"rendered":"<p>[vc_row triangle_shape=&#8221;no&#8221;][vc_column][vc_column_text]\u0130\u00e7erik g\u00fcncellenmektedir.[\/vc_column_text][vc_empty_space][\/vc_column][\/vc_row]<\/p>\n","protected":false},"excerpt":{"rendered":"<p>[vc_row triangle_shape=&#8221;no&#8221;][vc_column][vc_column_text]\u0130\u00e7erik g\u00fcncellenmektedir.[\/vc_column_text][vc_empty_space][\/vc_column][\/vc_row]<\/p>\n","protected":false},"author":1,"featured_media":0,"parent":0,"menu_order":0,"comment_status":"closed","ping_status":"closed","template":"","meta":[],"_links":{"self":[{"href":"https:\/\/www.karahukukankara.com\/index.php\/wp-json\/wp\/v2\/pages\/2939"}],"collection":[{"href":"https:\/\/www.karahukukankara.com\/index.php\/wp-json\/wp\/v2\/pages"}],"about":[{"href":"https:\/\/www.karahukukankara.com\/index.php\/wp-json\/wp\/v2\/types\/page"}],"author":[{"embeddable":true,"href":"https:\/\/www.karahukukankara.com\/index.php\/wp-json\/wp\/v2\/users\/1"}],"replies":[{"embeddable":true,"href":"https:\/\/www.karahukukankara.com\/index.php\/wp-json\/wp\/v2\/comments?post=2939"}],"version-history":[{"count":2,"href":"https:\/\/www.karahukukankara.com\/index.php\/wp-json\/wp\/v2\/pages\/2939\/revisions"}],"predecessor-version":[{"id":2979,"href":"https:\/\/www.karahukukankara.com\/index.php\/wp-json\/wp\/v2\/pages\/2939\/revisions\/2979"}],"wp:attachment":[{"href":"https:\/\/www.karahukukankara.com\/index.php\/wp-json\/wp\/v2\/media?parent=2939"}],"curies":[{"name":"wp","href":"https:\/\/api.w.org\/{rel}","templated":true}]}}