{"id":2931,"date":"2018-08-08T12:38:39","date_gmt":"2018-08-08T09:38:39","guid":{"rendered":"http:\/\/www.karahukukankara.com\/?page_id=2931"},"modified":"2018-08-08T12:39:58","modified_gmt":"2018-08-08T09:39:58","slug":"ticaret-ve-sirketler-hukuku","status":"publish","type":"page","link":"https:\/\/www.karahukukankara.com\/index.php\/ticaret-ve-sirketler-hukuku\/","title":{"rendered":"Ticaret ve \u015eirketler Hukuku"},"content":{"rendered":"<p>Ticaret hukuku, ticaretin hukukla olan ili\u015fkisini d\u00fczenleyen bir dal olarak kar\u015f\u0131m\u0131za \u00e7\u0131kar. \u0130ster ki\u015fi isterse kurulu\u015f olsun ekonomik alanda ger\u00e7ekle\u015ftirilen her t\u00fcrl\u00fc faaliyet asl\u0131nda hukuk sahas\u0131nda ticari faaliyetler olarak tan\u0131mlan\u0131r.<\/p>\n<p>&nbsp;<\/p>\n<p>Ticaret Kanunu\u2019nda 4 tip \u015firket t\u00fcr\u00fc bulunmaktad\u0131r;<\/p>\n<p><img decoding=\"async\" loading=\"lazy\" class=\"alignnone size-full wp-image-2676\" src=\"http:\/\/www.karahukukankara.com\/wp-content\/uploads\/revslider\/home-3\/h3-graphic-star.png\" alt=\"\" width=\"13\" height=\"12\" \/>\u00a0Anonim<br \/>\n<img decoding=\"async\" loading=\"lazy\" class=\"alignnone size-full wp-image-2676\" src=\"http:\/\/www.karahukukankara.com\/wp-content\/uploads\/revslider\/home-3\/h3-graphic-star.png\" alt=\"\" width=\"13\" height=\"12\" \/>\u00a0Limited<br \/>\n<img decoding=\"async\" loading=\"lazy\" class=\"alignnone size-full wp-image-2676\" src=\"http:\/\/www.karahukukankara.com\/wp-content\/uploads\/revslider\/home-3\/h3-graphic-star.png\" alt=\"\" width=\"13\" height=\"12\" \/>\u00a0Komandit<br \/>\n<img decoding=\"async\" loading=\"lazy\" class=\"alignnone size-full wp-image-2676\" src=\"http:\/\/www.karahukukankara.com\/wp-content\/uploads\/revslider\/home-3\/h3-graphic-star.png\" alt=\"\" width=\"13\" height=\"12\" \/>\u00a0Kollektif<\/p>\n<p>&nbsp;<\/p>\n<p>Her bir \u015firket tipinin kendine \u00f6zg\u00fc kurulu\u015f \u015fekli ve sermaye koyma y\u00fck\u00fcml\u00fcl\u00fc\u011f\u00fc vard\u0131r. Dolay\u0131s\u0131yla gerek \u015firketlerin kurulu\u015funda gerekse i\u015fleyi\u015finde ticaret-\u015firket avukat\u0131na dan\u0131\u015f\u0131lmas\u0131 ve kendisinden\u00a0<em>hukuki dan\u0131\u015fmanl\u0131k<\/em>\u00a0al\u0131nmas\u0131 asl\u0131nda en do\u011fru ad\u0131m olacakt\u0131r.<\/p>\n<p>&nbsp;<\/p>\n<p><strong>T\u0130CARET VE \u015e\u0130RKET AVUKATI<\/strong><\/p>\n<p>&nbsp;<\/p>\n<p>Ticaret ve \u015firket avukat\u0131, g\u00fcn\u00fcm\u00fczde \u00f6zellikle artmakta olan b\u00fcy\u00fck \u00e7apl\u0131 uluslararas\u0131 ticaret faaliyetler ile daha \u00f6nemli hale gelmi\u015f olan avukatt\u0131r. Ticaret ve \u015firket kavramlar\u0131n\u0131n g\u00fcn\u00fcm\u00fcz d\u00fcnyas\u0131nda i\u00e7 i\u00e7e ge\u00e7mi\u015f kavramlar olmas\u0131, dolay\u0131s\u0131yla ticaretin s\u0131kl\u0131kla \u015firketler taraf\u0131ndan geni\u015f \u00e7apl\u0131 olarak ger\u00e7ekle\u015ftiriliyor olu\u015fu, ticaret ve\u015firket avukat\u0131n\u0131n varl\u0131\u011f\u0131n\u0131 gerekli k\u0131lm\u0131\u015ft\u0131r.<\/p>\n<p>&nbsp;<\/p>\n<p>Ticari ili\u015fkilerin gittik\u00e7e karma\u015f\u0131k hale gelmesi ve b\u00fcy\u00fcmesi, ileride meydana gelebilecek ihtilaflar\u0131n erkenden \u00f6ng\u00f6r\u00fclmesini ve buna g\u00f6re tedbir al\u0131nmas\u0131n\u0131 zorunlu hale gelmi\u015ftir. \u00d6zellikle bu durum \u015firketler bak\u0131m\u0131ndan b\u00fcy\u00fck \u00f6nem arz etmektedir. Ya\u015fanan kay\u0131plar veya kar\u015f\u0131la\u015f\u0131lan hukuki sorunlar, y\u0131llarca emek verilerek kurulmu\u015f olan \u015firketlerin iflas\u0131na sebebiyet verebilmektedir. Bunlar\u0131n \u00e7o\u011fu hukuki dan\u0131\u015fmanl\u0131k hizmeti ile \u00e7ok \u00f6ncesinde halledilebilecek sorunlard\u0131r. Bu nedenle de hukuki ili\u015fkilerin d\u00fczenlenmesi, denetlenmesi ve gerekti\u011finde yarg\u0131 yoluna ba\u015fvurulmas\u0131nda\u00a0ticaret ve \u015firket avukat\u0131n\u0131n \u00f6nemi yads\u0131namaz. Dolay\u0131s\u0131yla hukuka uygun olarak prosed\u00fcrlerin tam anlam\u0131yla ger\u00e7ekle\u015ftirilmesinde alan\u0131nda uzman bir avukata her zaman ihtiya\u00e7 duyulmaktad\u0131r.<\/p>\n<p>&nbsp;<\/p>\n<p>Eski Ticaret Kanunu\u2019na nazaran Yeni Ticaret Kanunu daha geni\u015f kapsaml\u0131d\u0131r. Daha geni\u015f kapsaml\u0131 olu\u015fu elbette ki var olan birtak\u0131m hukuki prosed\u00fcrlerin de geni\u015flemesine sebebiyet vermi\u015ftir. \u015eirket i\u015flemlerinin prosed\u00fcrlere bu kadar fazla maruz kalmas\u0131n\u0131n sebebi, ticaret hayat\u0131n\u0131n ve ekonomik hayat\u0131n i\u015fleyi\u015finin bir d\u00fczen \u00e7er\u00e7evesinde ve hukuka uygun olarak ger\u00e7ekle\u015ftirilmesinin sa\u011flanmas\u0131d\u0131r. Yap\u0131lan prosed\u00fcrler sayesinde asl\u0131nda ki\u015filer, att\u0131klar\u0131 her ad\u0131mda durup bir d\u00fc\u015f\u00fcnmek zorunda kal\u0131rlar. Bu da onlar\u0131n hata yapmas\u0131n\u0131n \u00f6n\u00fcne ge\u00e7er. T\u00fcm bunlar \u00e7er\u00e7evesinde \u015funu s\u00f6ylemeliyiz ki\u00a0ticaret-\u015firket avukat\u0131, ticaret hukuku ve \u015firketler hukukunun uzman\u0131 olup bu alanlarda ger\u00e7ekle\u015ftirilecek olan her t\u00fcrl\u00fc i\u015flem i\u00e7in ba\u015fvurulmas\u0131 gereken ilk ki\u015fidir.<\/p>\n<p>&nbsp;<\/p>\n<p>Avukat, her t\u00fcrl\u00fc i\u015flemi \u015firket ad\u0131na hukuka uygun bir \u015fekilde en k\u0131sa zamanda ger\u00e7ekle\u015ftirecektir. Ayn\u0131 zamanda kanunda yer alan usul kurallar\u0131na uygun hareket edilmesi ve s\u00fcrelerin ka\u00e7\u0131r\u0131lmamas\u0131 da \u015firketlerin gelece\u011fi bak\u0131m\u0131ndan \u00f6nem arz etti\u011finden dolay\u0131 bu alanda avukata ihtiya\u00e7 duyulmas\u0131 ka\u00e7\u0131n\u0131lmaz olmaktad\u0131r. Yap\u0131lan ufak bir teknik hata, b\u00fcy\u00fck zararlar\u0131n meydana \u00e7\u0131kmas\u0131na ya da ticari ili\u015fkilerin son bulmas\u0131na neden olabilir. Bu nedenle hem teknik hem de hukuki bilgiye sahip olan\u00a0ticaret ve \u015firket avukat\u0131na mutlak suretle dan\u0131\u015f\u0131lmal\u0131 ve onun deneyimlerinden faydalan\u0131lmal\u0131d\u0131r.<\/p>\n<p>&nbsp;<\/p>\n<p>&nbsp;<\/p>\n<p>&nbsp;<\/p>\n","protected":false},"excerpt":{"rendered":"<p>Ticaret hukuku, ticaretin hukukla olan ili\u015fkisini d\u00fczenleyen bir dal olarak kar\u015f\u0131m\u0131za \u00e7\u0131kar. \u0130ster ki\u015fi isterse kurulu\u015f olsun ekonomik alanda ger\u00e7ekle\u015ftirilen her t\u00fcrl\u00fc faaliyet asl\u0131nda hukuk sahas\u0131nda ticari faaliyetler olarak tan\u0131mlan\u0131r. &nbsp; Ticaret Kanunu\u2019nda 4 tip \u015firket t\u00fcr\u00fc bulunmaktad\u0131r; \u00a0Anonim \u00a0Limited \u00a0Komandit \u00a0Kollektif &nbsp; Her bir \u015firket tipinin kendine \u00f6zg\u00fc kurulu\u015f \u015fekli ve sermaye koyma y\u00fck\u00fcml\u00fcl\u00fc\u011f\u00fc vard\u0131r. Dolay\u0131s\u0131yla gerek \u015firketlerin kurulu\u015funda gerekse i\u015fleyi\u015finde ticaret-\u015firket avukat\u0131na dan\u0131\u015f\u0131lmas\u0131 ve kendisinden\u00a0hukuki dan\u0131\u015fmanl\u0131k\u00a0al\u0131nmas\u0131 asl\u0131nda en do\u011fru ad\u0131m olacakt\u0131r. &nbsp; T\u0130CARET VE \u015e\u0130RKET AVUKATI &nbsp; Ticaret ve \u015firket avukat\u0131, g\u00fcn\u00fcm\u00fczde \u00f6zellikle artmakta olan b\u00fcy\u00fck \u00e7apl\u0131 uluslararas\u0131 ticaret faaliyetler ile daha \u00f6nemli hale gelmi\u015f olan avukatt\u0131r. Ticaret&#8230;<\/p>\n","protected":false},"author":1,"featured_media":0,"parent":0,"menu_order":0,"comment_status":"closed","ping_status":"closed","template":"","meta":[],"_links":{"self":[{"href":"https:\/\/www.karahukukankara.com\/index.php\/wp-json\/wp\/v2\/pages\/2931"}],"collection":[{"href":"https:\/\/www.karahukukankara.com\/index.php\/wp-json\/wp\/v2\/pages"}],"about":[{"href":"https:\/\/www.karahukukankara.com\/index.php\/wp-json\/wp\/v2\/types\/page"}],"author":[{"embeddable":true,"href":"https:\/\/www.karahukukankara.com\/index.php\/wp-json\/wp\/v2\/users\/1"}],"replies":[{"embeddable":true,"href":"https:\/\/www.karahukukankara.com\/index.php\/wp-json\/wp\/v2\/comments?post=2931"}],"version-history":[{"count":3,"href":"https:\/\/www.karahukukankara.com\/index.php\/wp-json\/wp\/v2\/pages\/2931\/revisions"}],"predecessor-version":[{"id":2934,"href":"https:\/\/www.karahukukankara.com\/index.php\/wp-json\/wp\/v2\/pages\/2931\/revisions\/2934"}],"wp:attachment":[{"href":"https:\/\/www.karahukukankara.com\/index.php\/wp-json\/wp\/v2\/media?parent=2931"}],"curies":[{"name":"wp","href":"https:\/\/api.w.org\/{rel}","templated":true}]}}