{"id":2924,"date":"2018-08-08T12:33:23","date_gmt":"2018-08-08T09:33:23","guid":{"rendered":"http:\/\/www.karahukukankara.com\/?page_id=2924"},"modified":"2018-08-08T12:37:35","modified_gmt":"2018-08-08T09:37:35","slug":"saglik-hukuku","status":"publish","type":"page","link":"https:\/\/www.karahukukankara.com\/index.php\/saglik-hukuku\/","title":{"rendered":"Sa\u011fl\u0131k Hukuku"},"content":{"rendered":"<p style=\"text-align: justify;\"><strong>SA\u011eLIK DAVALARI AVUKATLI\u011eI VE DANI\u015eMALI\u011eI<\/strong><\/p>\n<p>&nbsp;<\/p>\n<p style=\"text-align: justify;\">Sa\u011fl\u0131k hakk\u0131 bireyin en temel haklar\u0131ndand\u0131r. Hayati bir tehlike s\u00f6z konusu olmasa bile, ya\u015fanacak en ufak bir sa\u011fl\u0131k problemi bile hastay\u0131 ve yak\u0131nlar\u0131n\u0131 manevi olarak olumsuz etkilemektedir. Bazen k\u00fc\u00e7\u00fck tetkiklerle \u00e7ok b\u00fcy\u00fck sa\u011fl\u0131k problemleri kolayca a\u015f\u0131labilemekte iken bu t\u00fcr \u015feyler g\u00f6z ard\u0131 edilebilmektedir. Genel olarak sa\u011fl\u0131k problemleri olu\u015fmadan da sa\u011fl\u0131\u011f\u0131n de\u011ferinin anla\u015f\u0131lamad\u0131\u011f\u0131 da herkes taraf\u0131ndan bilinmektedir.<\/p>\n<p>&nbsp;<\/p>\n<p style=\"text-align: justify;\">Temel haklardan olan sa\u011fl\u0131k hakk\u0131 \u0130nsan Haklar\u0131 Evrensel Bildirgesi\u2019nin 25. maddesi ile uluslar aras\u0131 platformda ve de Anayasam\u0131zda da g\u00fcvence alt\u0131nda al\u0131nmaktad\u0131r.<\/p>\n<p>&nbsp;<\/p>\n<p style=\"text-align: justify;\">Sa\u011fl\u0131k hakk\u0131 ile ba\u011flant\u0131l\u0131 olarak ya\u015fama hakk\u0131 kapsam\u0131nda herkesin sa\u011fl\u0131kl\u0131 olma, sonras\u0131nda sa\u011fl\u0131\u011f\u0131n\u0131 koruma ve sa\u011fl\u0131\u011f\u0131n\u0131 geli\u015ftirme hakk\u0131 bulunmaktad\u0131r. Bunlara ra\u011fmen bireyin ba\u015f\u0131na gelebilecek talihsizlikler neticesinde hastal\u0131klar, kazalar ve farkl\u0131 sebeplere ba\u011fl\u0131 olarak bireyler sa\u011fl\u0131klar\u0131n\u0131 kaybedebilmektedirler. Bu durumda da devreye hasta haklar\u0131 girmektedir.<\/p>\n<p>&nbsp;<\/p>\n<p style=\"text-align: justify;\"><img decoding=\"async\" loading=\"lazy\" class=\"alignnone size-full wp-image-2676\" src=\"http:\/\/www.karahukukankara.com\/wp-content\/uploads\/revslider\/home-3\/h3-graphic-star.png\" alt=\"\" width=\"13\" height=\"12\" \/> Hasta haklar\u0131 genel olarak;<\/p>\n<p style=\"text-align: justify;\"><img decoding=\"async\" loading=\"lazy\" class=\"alignnone size-full wp-image-2676\" src=\"http:\/\/www.karahukukankara.com\/wp-content\/uploads\/revslider\/home-3\/h3-graphic-star.png\" alt=\"\" width=\"13\" height=\"12\" \/>\u00a0Doktorlar\u0131n g\u00f6revini en titiz \u015fekilde yerine getirmesi,<\/p>\n<p style=\"text-align: justify;\"><img decoding=\"async\" loading=\"lazy\" class=\"alignnone size-full wp-image-2676\" src=\"http:\/\/www.karahukukankara.com\/wp-content\/uploads\/revslider\/home-3\/h3-graphic-star.png\" alt=\"\" width=\"13\" height=\"12\" \/>\u00a0 Hastalara gereken azami \u00f6zeni g\u00f6stermesi<\/p>\n<p style=\"text-align: justify;\"><img decoding=\"async\" loading=\"lazy\" class=\"alignnone size-full wp-image-2676\" src=\"http:\/\/www.karahukukankara.com\/wp-content\/uploads\/revslider\/home-3\/h3-graphic-star.png\" alt=\"\" width=\"13\" height=\"12\" \/>\u00a0Ve tabi ki hastay\u0131 bilgilendirme zorunlulu\u011fudur.<\/p>\n<p>&nbsp;<\/p>\n<p style=\"text-align: justify;\">Genel olarak hasta haklar\u0131 genel ba\u015fl\u0131klar\u0131 ile bu \u015fekilde olmak \u00fczere daha da detayland\u0131r\u0131labilir bir aland\u0131r. Yanl\u0131\u015f bir tedavi veya te\u015fhis sonucunda meydana gelebilecek sorunlar \u00e7o\u011fu zaman telafi edilemeyen sa\u011fl\u0131k problemlerine neden olmakta, hatta tedaviler ile \u00f6l\u00fcmlere bile neden olabilmektedir. G\u00f6z ard\u0131 edilemeyecek sonu\u00e7lara sebebiyet verebilecek olmas\u0131 ile hasta haklar\u0131 her zaman ihtiya\u00e7 duyulacak en temel haklardand\u0131r.<\/p>\n<p>&nbsp;<\/p>\n<p style=\"text-align: justify;\">B\u00f6ylesine ciddi bir alan olan sa\u011fl\u0131k hukukunda hasta haklar\u0131 a\u015fa\u011f\u0131daki \u015fekilde detayland\u0131r\u0131labilir;<\/p>\n<p>&nbsp;<\/p>\n<p style=\"text-align: justify;\"><img decoding=\"async\" loading=\"lazy\" class=\"alignnone size-full wp-image-2676\" src=\"http:\/\/www.karahukukankara.com\/wp-content\/uploads\/revslider\/home-3\/h3-graphic-star.png\" alt=\"\" width=\"13\" height=\"12\" \/>\u00a0Koruyucu sa\u011fl\u0131k hizmetlerinden faydalanma hakk\u0131<\/p>\n<p style=\"text-align: justify;\"><img decoding=\"async\" loading=\"lazy\" class=\"alignnone size-full wp-image-2676\" src=\"http:\/\/www.karahukukankara.com\/wp-content\/uploads\/revslider\/home-3\/h3-graphic-star.png\" alt=\"\" width=\"13\" height=\"12\" \/>\u00a0Irk, din, dil, cinsiyet ve ekonomik durum gibi bir ayr\u0131ma maruz kalmadan sa\u011fl\u0131k hizmetine ula\u015fma hakk\u0131<\/p>\n<p style=\"text-align: justify;\"><img decoding=\"async\" loading=\"lazy\" class=\"alignnone size-full wp-image-2676\" src=\"http:\/\/www.karahukukankara.com\/wp-content\/uploads\/revslider\/home-3\/h3-graphic-star.png\" alt=\"\" width=\"13\" height=\"12\" \/>\u00a0Sa\u011fl\u0131k hizmetini g\u00fcvenli bir \u015fekilde ve hijyenik \u015fartlar\u0131 sa\u011flanm\u0131\u015f \u015fekilde alma hakk\u0131<\/p>\n<p style=\"text-align: justify;\"><img decoding=\"async\" loading=\"lazy\" class=\"alignnone size-full wp-image-2676\" src=\"http:\/\/www.karahukukankara.com\/wp-content\/uploads\/revslider\/home-3\/h3-graphic-star.png\" alt=\"\" width=\"13\" height=\"12\" \/>\u00a0Sa\u011fl\u0131k hizmetleri ve olanaklar\u0131 hakk\u0131nda bilgilendirme hakk\u0131<\/p>\n<p style=\"text-align: justify;\"><img decoding=\"async\" loading=\"lazy\" class=\"alignnone size-full wp-image-2676\" src=\"http:\/\/www.karahukukankara.com\/wp-content\/uploads\/revslider\/home-3\/h3-graphic-star.png\" alt=\"\" width=\"13\" height=\"12\" \/>\u00a0Sa\u011fl\u0131k kurumu ve sa\u011fl\u0131k hizmeti veren ki\u015fileri se\u00e7me ve de\u011fi\u015ftirme hakk\u0131<\/p>\n<p style=\"text-align: justify;\"><img decoding=\"async\" loading=\"lazy\" class=\"alignnone size-full wp-image-2676\" src=\"http:\/\/www.karahukukankara.com\/wp-content\/uploads\/revslider\/home-3\/h3-graphic-star.png\" alt=\"\" width=\"13\" height=\"12\" \/>\u00a0Hasta mahremiyeti hakk\u0131<\/p>\n<p style=\"text-align: justify;\"><img decoding=\"async\" loading=\"lazy\" class=\"alignnone size-full wp-image-2676\" src=\"http:\/\/www.karahukukankara.com\/wp-content\/uploads\/revslider\/home-3\/h3-graphic-star.png\" alt=\"\" width=\"13\" height=\"12\" \/>\u00a0Kendisine uygulanacak olan t\u0131bbi m\u00fcdahaleler hakk\u0131nda r\u0131zas\u0131n\u0131n al\u0131nmas\u0131 hakk\u0131<\/p>\n<p style=\"text-align: justify;\"><img decoding=\"async\" loading=\"lazy\" class=\"alignnone size-full wp-image-2676\" src=\"http:\/\/www.karahukukankara.com\/wp-content\/uploads\/revslider\/home-3\/h3-graphic-star.png\" alt=\"\" width=\"13\" height=\"12\" \/>\u00a0Tedaviyi kabul etme, reddetme ve durdurma hakk\u0131<\/p>\n<p style=\"text-align: justify;\"><img decoding=\"async\" loading=\"lazy\" class=\"alignnone size-full wp-image-2676\" src=\"http:\/\/www.karahukukankara.com\/wp-content\/uploads\/revslider\/home-3\/h3-graphic-star.png\" alt=\"\" width=\"13\" height=\"12\" \/>\u00a0Haklar\u0131n ihlali ve ma\u011fdur olunmas\u0131 durumunda \u015fikayet ve dava hakk\u0131<\/p>\n<p style=\"text-align: justify;\"><img decoding=\"async\" loading=\"lazy\" class=\"alignnone size-full wp-image-2676\" src=\"http:\/\/www.karahukukankara.com\/wp-content\/uploads\/revslider\/home-3\/h3-graphic-star.png\" alt=\"\" width=\"13\" height=\"12\" \/>\u00a0Hasta haklar\u0131n\u0131n ihlali durumunda \u201cmalpractice\u201d kavram\u0131 vuku bulmaktad\u0131r.<\/p>\n<p>&nbsp;<\/p>\n<p style=\"text-align: justify;\"><strong>MALPRACT\u0130CE NED\u0130R?<\/strong><\/p>\n<p>&nbsp;<\/p>\n<p style=\"text-align: justify;\">\u0130ngilizce k\u00f6kenli \u201cmalpractise\u201d s\u00f6zc\u00fc\u011f\u00fc; hatal\u0131 t\u0131bbi m\u00fcdahaleler i\u00e7in kullan\u0131lan \u201ct\u0131pta yanl\u0131\u015f uygulama\u201d, \u201ct\u0131bbi k\u00f6t\u00fc uygulama\u201d, \u201chekimli\u011fin k\u00f6t\u00fc uygulanmas\u0131\u201d gibi \u00e7e\u015fitli \u015fekillerde T\u00fcrk\u00e7ele\u015ftirilebilen bir kavramd\u0131r. Malpractise en basit haliyle ve de en geni\u015f kullan\u0131m\u0131 olarak bir \u201ct\u0131bbi hata\u201dd\u0131r.<\/p>\n<p>&nbsp;<\/p>\n<p style=\"text-align: justify;\">Hekimlik Meslek Eti\u011fi Kurallar\u0131n\u0131n 13. maddesinde \u201cHekimli\u011fin K\u00f6t\u00fc Uygulanmas\u0131 (Malpractice)\u201d ba\u015fl\u0131\u011f\u0131 alt\u0131nda; \u201cBilgisizlik, deneyimsizlik ya da ilgisizlik nedeniyle bir hastan\u0131n zarar g\u00f6rmesi\u2026\u201d bi\u00e7iminde tan\u0131mlanmaktad\u0131r.<\/p>\n<p>&nbsp;<\/p>\n<p style=\"text-align: justify;\">\u0130nsan hayat\u0131 ve sa\u011fl\u0131\u011f\u0131 s\u00f6z konusu oldu\u011fu i\u00e7in doktorlar\u0131n \u00e7ok dikkatli ve \u00f6zenli olmalar\u0131 gerekmektedir. Doktorlar\u0131n\u00a0 hastalar\u0131na kar\u015f\u0131 bak\u0131m ve tedavi konusunda y\u00fck\u00fcml\u00fcl\u00fckleri bulunmaktad\u0131r. Doktorlar bu y\u00fck\u00fcml\u00fcl\u00fcklerini yerine getirmedi\u011fi takdirde hastalar\u0131na kar\u015f\u0131 en hafif kusurlar\u0131ndan ve de her t\u00fcrl\u00fc kusurlar\u0131ndan sorumlu olmaktad\u0131rlar. Hasta haklar\u0131 kapsam\u0131nda da hastalar i\u00e7in, kusuru bulunan doktora kar\u015f\u0131 dava a\u00e7ma ve tazminat talep etme haklar\u0131 bulunmaktad\u0131r.<\/p>\n<p>&nbsp;<\/p>\n<p style=\"text-align: justify;\"><strong>TAZM\u0130NAT DAVASI NASIL \u0130\u015eLEMEKTED\u0130R?<\/strong><\/p>\n<p>&nbsp;<\/p>\n<p style=\"text-align: justify;\">\u00a0Yanl\u0131\u015f tedavi sonucu dava a\u00e7\u0131lmas\u0131 kar\u015f\u0131 taraf\u0131n \u00f6zel bir kurum mu yoksa devlet kurumu mu ayr\u0131m\u0131nda baz\u0131 farkl\u0131l\u0131klara sebep olmaktad\u0131r.<\/p>\n<p>&nbsp;<\/p>\n<p style=\"text-align: justify;\">T\u0131bbi yanl\u0131\u015fl\u0131k bir devlet hastanesinde meydana gelmi\u015f ise dava devlete kar\u015f\u0131 a\u00e7\u0131lmaktad\u0131r. Bu durumda doktorun ki\u015fisel kusuru \u00f6n planda ise ayr\u0131ca doktora da dava a\u00e7\u0131labilmektedir.<\/p>\n<p>&nbsp;<\/p>\n<p style=\"text-align: justify;\">\u00a0T\u0131bbi yanl\u0131\u015fl\u0131k bir \u00f6zel hastanede meydana gelmi\u015f ise; doktorla birlikte doktoru \u00e7al\u0131\u015ft\u0131ran \u00f6zel hastanenin de sorumlulu\u011fu oldu\u011fundan, hem doktora hem \u00f6zel hastaneye dava a\u00e7\u0131lmaktad\u0131r.<\/p>\n<p>&nbsp;<\/p>\n<p style=\"text-align: justify;\">\u00dclkemizde yeterli say\u0131da\u00a0Sa\u011fl\u0131k Hukuku alan\u0131nda uzman Avukat\u00a0bulunmamaktad\u0131r. Sa\u011fl\u0131k Hukuku alan\u0131nda e\u011fitilmi\u015f ve uzmanla\u015fm\u0131\u015f bir Avukat daha fazla hasta haklar\u0131n\u0131n ihlalini engelleyecek ve Sa\u011fl\u0131k Hukukunda yeterli bilgi sahibi olamayan hastalar\u0131n ve yak\u0131nlar\u0131n\u0131n bu konuda uzmanla\u015fm\u0131\u015f olan avukatlarla birebir g\u00f6r\u00fc\u015fme yapmas\u0131, s\u00fcrecin daha sa\u011fl\u0131kl\u0131 ilerlemesini sa\u011flayacakt\u0131r.<\/p>\n<p>&nbsp;<\/p>\n<p style=\"text-align: justify;\">Hukuk b\u00fcromuz hem hasta haklar\u0131 hem malpractise davalar\u0131 ile ilgilendi\u011fi gibi hem de hastane ve hastane y\u00f6netiminin zarara u\u011framamas\u0131 i\u00e7in gerekli b\u00fct\u00fcn hukuki donan\u0131ma sahip olup bu konularda gerekli hukuki hizmetleri verebilmektedir. Bununla birlikte eczaneler ve t\u0131p merkezleri gibi sa\u011fl\u0131k alan\u0131nda \u00e7al\u0131\u015fan t\u00fcm kurular\u0131n ya\u015fad\u0131\u011f\u0131 hukuki problemlere \u00e7\u00f6z\u00fcm bulmak hususunda hizmet vermektedir.<\/p>\n<p>&nbsp;<\/p>\n<p>&nbsp;<\/p>\n","protected":false},"excerpt":{"rendered":"<p>SA\u011eLIK DAVALARI AVUKATLI\u011eI VE DANI\u015eMALI\u011eI &nbsp; Sa\u011fl\u0131k hakk\u0131 bireyin en temel haklar\u0131ndand\u0131r. Hayati bir tehlike s\u00f6z konusu olmasa bile, ya\u015fanacak en ufak bir sa\u011fl\u0131k problemi bile hastay\u0131 ve yak\u0131nlar\u0131n\u0131 manevi olarak olumsuz etkilemektedir. Bazen k\u00fc\u00e7\u00fck tetkiklerle \u00e7ok b\u00fcy\u00fck sa\u011fl\u0131k problemleri kolayca a\u015f\u0131labilemekte iken bu t\u00fcr \u015feyler g\u00f6z ard\u0131 edilebilmektedir. Genel olarak sa\u011fl\u0131k problemleri olu\u015fmadan da sa\u011fl\u0131\u011f\u0131n de\u011ferinin anla\u015f\u0131lamad\u0131\u011f\u0131 da herkes taraf\u0131ndan bilinmektedir. &nbsp; Temel haklardan olan sa\u011fl\u0131k hakk\u0131 \u0130nsan Haklar\u0131 Evrensel Bildirgesi\u2019nin 25. maddesi ile uluslar aras\u0131 platformda ve de Anayasam\u0131zda da g\u00fcvence alt\u0131nda al\u0131nmaktad\u0131r. &nbsp; Sa\u011fl\u0131k hakk\u0131 ile ba\u011flant\u0131l\u0131 olarak ya\u015fama hakk\u0131 kapsam\u0131nda herkesin sa\u011fl\u0131kl\u0131 olma, sonras\u0131nda sa\u011fl\u0131\u011f\u0131n\u0131 koruma&#8230;<\/p>\n","protected":false},"author":1,"featured_media":0,"parent":0,"menu_order":0,"comment_status":"closed","ping_status":"closed","template":"","meta":[],"_links":{"self":[{"href":"https:\/\/www.karahukukankara.com\/index.php\/wp-json\/wp\/v2\/pages\/2924"}],"collection":[{"href":"https:\/\/www.karahukukankara.com\/index.php\/wp-json\/wp\/v2\/pages"}],"about":[{"href":"https:\/\/www.karahukukankara.com\/index.php\/wp-json\/wp\/v2\/types\/page"}],"author":[{"embeddable":true,"href":"https:\/\/www.karahukukankara.com\/index.php\/wp-json\/wp\/v2\/users\/1"}],"replies":[{"embeddable":true,"href":"https:\/\/www.karahukukankara.com\/index.php\/wp-json\/wp\/v2\/comments?post=2924"}],"version-history":[{"count":6,"href":"https:\/\/www.karahukukankara.com\/index.php\/wp-json\/wp\/v2\/pages\/2924\/revisions"}],"predecessor-version":[{"id":2930,"href":"https:\/\/www.karahukukankara.com\/index.php\/wp-json\/wp\/v2\/pages\/2924\/revisions\/2930"}],"wp:attachment":[{"href":"https:\/\/www.karahukukankara.com\/index.php\/wp-json\/wp\/v2\/media?parent=2924"}],"curies":[{"name":"wp","href":"https:\/\/api.w.org\/{rel}","templated":true}]}}