{"id":2921,"date":"2018-08-08T12:30:38","date_gmt":"2018-08-08T09:30:38","guid":{"rendered":"http:\/\/www.karahukukankara.com\/?page_id=2921"},"modified":"2018-08-08T12:30:59","modified_gmt":"2018-08-08T09:30:59","slug":"marka-hukuku","status":"publish","type":"page","link":"https:\/\/www.karahukukankara.com\/index.php\/marka-hukuku\/","title":{"rendered":"Marka Hukuku"},"content":{"rendered":"<p style=\"text-align: justify;\">Marka; benzer \u00fcr\u00fcnleri ya da hizmetleri ba\u015fkalar\u0131n\u0131n \u00fcr\u00fcn ya da hizmetlerinden ay\u0131rt etmek \u00fczere kullan\u0131lan ya da belirli bir hizmetin sunulmas\u0131 s\u0131ras\u0131nda kullan\u0131lan ay\u0131rt edici i\u015faret \u201cMARKA\u201d olarak tan\u0131mlanmaktad\u0131r. S\u00f6zc\u00fckler, Say\u0131lar, Harfler, \u015eekiller, \u00dcr\u00fcn\u00fcn \u015eekli veya Ambalaj\u0131 ile bunlar\u0131n birlikte sunulu\u015flar\u0131n\u0131n \u00f6znelli\u011fi marka olarak de\u011ferlendirilmektedir.<\/p>\n<p>&nbsp;<\/p>\n<p style=\"text-align: justify;\"><strong>MARKA BA\u015eVURUSU VE TESC\u0130L\u0130<\/strong><\/p>\n<p>&nbsp;<\/p>\n<p style=\"text-align: justify;\">Marka korumas\u0131, \u00fcr\u00fcn ya da hizmetlerinde marka kullanan marka sahiplerini koruyan bir sistemdir. Marka tescilinin amac\u0131, \u00f6zel yasa ile getirilen korumadan yararlanmakt\u0131r.<\/p>\n<p>&nbsp;<\/p>\n<p style=\"text-align: justify;\">Marka tescili olmadan, ba\u015fkas\u0131 taraf\u0131ndan kullan\u0131lan tescilsiz bir markan\u0131n, hak sahibi olmayan bir ki\u015fi taraf\u0131ndan tescil i\u00e7in ba\u015fvuru yap\u0131lmas\u0131 halinde veya tescil ettirilmesi durumunda, ger\u00e7ek marka hakk\u0131 sahibinin itiraz etme veya dava a\u00e7arak tescili iptal ettirme yetkisi vard\u0131r.<br \/>\nHerhangi bir \u00fcr\u00fcn i\u00e7in kullan\u0131lmak \u00fczere bir marka se\u00e7imi s\u0131ras\u0131nda dikkat edilecek en \u00f6nemli konu, se\u00e7ilen i\u015faretin di\u011fer markalardan farkl\u0131 olmas\u0131d\u0131r. Marka tescilleri s\u0131ras\u0131nda ise en \u00f6nemli konu, markan\u0131n se\u00e7imi ile marka tescilinin kapsayaca\u011f\u0131 mallar\u0131n ya da hizmetlerin saptanmas\u0131n\u0131n \u00f6nemli bir konu olmas\u0131d\u0131r. Markan\u0131n ba\u015fkalar\u0131 taraf\u0131ndan tescil ettirilmi\u015f ya da kullan\u0131lan markalardan ay\u0131rt edilebilecek \u015fekilde farkl\u0131 olmas\u0131 gerekmektedir.<\/p>\n<p>&nbsp;<\/p>\n<p style=\"text-align: justify;\">Marka tescilleri ile sa\u011flanan koruma, tescil edilecek marka ve markan\u0131n kullan\u0131laca\u011f\u0131 mallar ile s\u0131n\u0131rl\u0131 oldu\u011fu i\u00e7in, mal (\u00fcr\u00fcn, e\u015fya) listesi haz\u0131rlan\u0131rken, ger\u00e7ek i\u015f konusuna uygun olarak haz\u0131rlanmal\u0131d\u0131r.<\/p>\n<p>&nbsp;<\/p>\n<p style=\"text-align: justify;\"><strong>MARKA AVUKATLI\u011eININ \u00d6NEM\u0130<\/strong><\/p>\n<p>&nbsp;<\/p>\n<p style=\"text-align: justify;\">Marka avukat\u0131na ba\u015fvurulmas\u0131 durumunda, marka hukuku ile ilgili uyu\u015fmazl\u0131klar \u00e7\u00f6z\u00fclmekte ve markalar\u0131n tescil edilmesi i\u015flemleri yap\u0131lmaktad\u0131r. Ayr\u0131ca, koruyucu hukuk ve dan\u0131\u015fmanl\u0131k hizmetleri talep edilmesi halinde, ihtilaf ve hukuki sorunlar\u0131n do\u011fmadan tespitinin yap\u0131lmas\u0131 sa\u011flan\u0131r. B\u00f6ylece, uyu\u015fmazl\u0131klar\u0131n daha sonra b\u00fcy\u00fck hukuki uyu\u015fmazl\u0131k olarak kar\u015f\u0131n\u0131za \u00e7\u0131kmas\u0131 \u00f6nlenir. Sahip oldu\u011fumuz y\u00fcksek vizyon ve misyon ile m\u00fcvekkillerimize -TPE nezdinde temsil hizmetinin yan\u0131nda- bir de genel mahkemelerde g\u00f6r\u00fclmesi gereken di\u011fer davalarda da Fikri ve S\u0131na\u00ee M\u00fclkiyet Hukuku kapsam\u0131nda avukatl\u0131k hizmeti sunmaktay\u0131z.<\/p>\n<p>&nbsp;<\/p>\n<p>&nbsp;<\/p>\n<p style=\"text-align: justify;\">\n","protected":false},"excerpt":{"rendered":"<p>Marka; benzer \u00fcr\u00fcnleri ya da hizmetleri ba\u015fkalar\u0131n\u0131n \u00fcr\u00fcn ya da hizmetlerinden ay\u0131rt etmek \u00fczere kullan\u0131lan ya da belirli bir hizmetin sunulmas\u0131 s\u0131ras\u0131nda kullan\u0131lan ay\u0131rt edici i\u015faret \u201cMARKA\u201d olarak tan\u0131mlanmaktad\u0131r. S\u00f6zc\u00fckler, Say\u0131lar, Harfler, \u015eekiller, \u00dcr\u00fcn\u00fcn \u015eekli veya Ambalaj\u0131 ile bunlar\u0131n birlikte sunulu\u015flar\u0131n\u0131n \u00f6znelli\u011fi marka olarak de\u011ferlendirilmektedir. &nbsp; MARKA BA\u015eVURUSU VE TESC\u0130L\u0130 &nbsp; Marka korumas\u0131, \u00fcr\u00fcn ya da hizmetlerinde marka kullanan marka sahiplerini koruyan bir sistemdir. Marka tescilinin amac\u0131, \u00f6zel yasa ile getirilen korumadan yararlanmakt\u0131r. &nbsp; Marka tescili olmadan, ba\u015fkas\u0131 taraf\u0131ndan kullan\u0131lan tescilsiz bir markan\u0131n, hak sahibi olmayan bir ki\u015fi taraf\u0131ndan tescil i\u00e7in ba\u015fvuru yap\u0131lmas\u0131 halinde veya tescil ettirilmesi durumunda, ger\u00e7ek marka&#8230;<\/p>\n","protected":false},"author":1,"featured_media":0,"parent":0,"menu_order":0,"comment_status":"closed","ping_status":"closed","template":"","meta":[],"_links":{"self":[{"href":"https:\/\/www.karahukukankara.com\/index.php\/wp-json\/wp\/v2\/pages\/2921"}],"collection":[{"href":"https:\/\/www.karahukukankara.com\/index.php\/wp-json\/wp\/v2\/pages"}],"about":[{"href":"https:\/\/www.karahukukankara.com\/index.php\/wp-json\/wp\/v2\/types\/page"}],"author":[{"embeddable":true,"href":"https:\/\/www.karahukukankara.com\/index.php\/wp-json\/wp\/v2\/users\/1"}],"replies":[{"embeddable":true,"href":"https:\/\/www.karahukukankara.com\/index.php\/wp-json\/wp\/v2\/comments?post=2921"}],"version-history":[{"count":2,"href":"https:\/\/www.karahukukankara.com\/index.php\/wp-json\/wp\/v2\/pages\/2921\/revisions"}],"predecessor-version":[{"id":2923,"href":"https:\/\/www.karahukukankara.com\/index.php\/wp-json\/wp\/v2\/pages\/2921\/revisions\/2923"}],"wp:attachment":[{"href":"https:\/\/www.karahukukankara.com\/index.php\/wp-json\/wp\/v2\/media?parent=2921"}],"curies":[{"name":"wp","href":"https:\/\/api.w.org\/{rel}","templated":true}]}}