{"id":2917,"date":"2018-08-08T12:26:30","date_gmt":"2018-08-08T09:26:30","guid":{"rendered":"http:\/\/www.karahukukankara.com\/?page_id=2917"},"modified":"2018-08-08T12:27:37","modified_gmt":"2018-08-08T09:27:37","slug":"kooperatifler-hukuku","status":"publish","type":"page","link":"https:\/\/www.karahukukankara.com\/index.php\/kooperatifler-hukuku\/","title":{"rendered":"Kooperatifler Hukuku"},"content":{"rendered":"<p style=\"text-align: justify;\">T\u00fczel ki\u015fili\u011fe sahip, ortaklar\u0131n\u0131n ekonomik ihtiya\u00e7lar\u0131n\u0131 kar\u015f\u0131lamak amac\u0131yla kurulan, i\u015f g\u00fcc\u00fc ve parasal katk\u0131larla beraber yard\u0131m, dayan\u0131\u015fma ve kefalet prensipleriyle geli\u015ftirilen ortakl\u0131klar\u0131n kanuni kar\u015f\u0131l\u0131\u011f\u0131 \u201cKooperatif\u201dlerdir.<\/p>\n<p>&nbsp;<\/p>\n<p style=\"text-align: justify;\">\u0130nsanlar tek ba\u015flar\u0131na kar\u015f\u0131layamayacaklar\u0131 ihtiya\u00e7lar\u0131 i\u00e7in bir araya gelmekte ve bu ihtiya\u00e7lar\u0131n\u0131 hem daha h\u0131zl\u0131 hem maliyet bak\u0131m\u0131ndan daha d\u00fc\u015f\u00fck b\u00fct\u00e7eyle kooperatif ortakl\u0131klar\u0131 \u00fczerinden kar\u015f\u0131layabilmektedirler.<\/p>\n<p>&nbsp;<\/p>\n<p style=\"text-align: justify;\">Bir\u00e7ok alanda kooperatif kurulabilmektedir. \u00dclkemizde bunlar\u0131n en yayg\u0131n kullan\u0131m\u0131 yap\u0131 kooperatifleridir. Devlet deste\u011fi de sunulan yap\u0131 kooperatifleri ortakl\u0131klar\u0131nda maliyetin d\u00fc\u015f\u00fcr\u00fclmesi sa\u011flanmakta ve ortakl\u0131k i\u00e7indeki idare mekanizmas\u0131 sayesinde yap\u0131 in\u015faat\u0131n\u0131n daha pratik \u015fekilde h\u0131z kazanmas\u0131 sa\u011flanmaktad\u0131r. Tabi ki her ne kadar idari denetim mekanizmas\u0131 da olsa kooperatif ortakl\u0131klar\u0131nda da uygulamada \u00e7e\u015fitli s\u0131k\u0131nt\u0131lar do\u011fmakta ve ortaklar zarar g\u00f6rmektedir. \u00d6zellikle uzun s\u00fcren in\u015faatlar bir \u00e7ok insan\u0131 ma\u011fdur etmektedir.<\/p>\n<p>&nbsp;<\/p>\n<p style=\"text-align: justify;\">1163 Say\u0131l\u0131 Kooperatifler Kanunu ekonomik temelli bu alanda kooperatifler hukukuna i\u015flerlik kazand\u0131rmaktad\u0131r. Yarg\u0131tay i\u00e7tihatlar\u0131, t\u00fcz\u00fckler ve y\u00f6netmeliklerle birlikte bu alanda ma\u011fdurlar\u0131n ihtiya\u00e7lar\u0131na cevap vermekte ve mal varl\u0131klar\u0131n korunmas\u0131 ve ekonomik \u00f6zg\u00fcrl\u00fc\u011f\u00fcn sa\u011flanmas\u0131na katk\u0131da bulunmaktad\u0131rlar.<\/p>\n<p>&nbsp;<\/p>\n<p style=\"text-align: justify;\">B\u00fcromuz kooperatifler hukukunun i\u015fleyen \u00e7arklar\u0131nda kar\u015f\u0131la\u015fabilece\u011finiz sorunlar\u0131n\u0131zla ilgili hukuki dan\u0131\u015fmanl\u0131k ve avukatl\u0131k hizmeti vermektedir. B\u00fcromuz bu alanda s\u0131kl\u0131kla kar\u015f\u0131la\u015fabilece\u011finiz;<\/p>\n<p>&nbsp;<\/p>\n<p style=\"text-align: justify;\"><img decoding=\"async\" loading=\"lazy\" class=\"alignnone size-full wp-image-2676\" src=\"http:\/\/www.karahukukankara.com\/wp-content\/uploads\/revslider\/home-3\/h3-graphic-star.png\" alt=\"\" width=\"13\" height=\"12\" \/>\u00a0Kooperatiflerin kurulu\u015f s\u00f6zle\u015fmelerinin d\u00fczenlenmesi<br \/>\n<img decoding=\"async\" loading=\"lazy\" class=\"alignnone size-full wp-image-2676\" src=\"http:\/\/www.karahukukankara.com\/wp-content\/uploads\/revslider\/home-3\/h3-graphic-star.png\" alt=\"\" width=\"13\" height=\"12\" \/>\u00a0Do\u011facak ihtilaflar\u0131n \u00e7\u00f6z\u00fcm\u00fc<br \/>\n<img decoding=\"async\" loading=\"lazy\" class=\"alignnone size-full wp-image-2676\" src=\"http:\/\/www.karahukukankara.com\/wp-content\/uploads\/revslider\/home-3\/h3-graphic-star.png\" alt=\"\" width=\"13\" height=\"12\" \/>\u00a0Genel Kurul toplant\u0131lar\u0131n\u0131n yap\u0131lmas\u0131<br \/>\n<img decoding=\"async\" loading=\"lazy\" class=\"alignnone size-full wp-image-2676\" src=\"http:\/\/www.karahukukankara.com\/wp-content\/uploads\/revslider\/home-3\/h3-graphic-star.png\" alt=\"\" width=\"13\" height=\"12\" \/>\u00a0An s\u00f6zle\u015fmede de\u011fi\u015fiklikler<br \/>\n<img decoding=\"async\" loading=\"lazy\" class=\"alignnone size-full wp-image-2676\" src=\"http:\/\/www.karahukukankara.com\/wp-content\/uploads\/revslider\/home-3\/h3-graphic-star.png\" alt=\"\" width=\"13\" height=\"12\" \/>\u00a0Kooperatif Y\u00f6netim Kurulunda al\u0131nan kararlardaki usuls\u00fczl\u00fckler<\/p>\n<p>&nbsp;<\/p>\n<p style=\"text-align: justify;\">\u00dcye olma ve \u00fcyelikten \u00e7\u0131kma gibi daha da detayland\u0131r\u0131labilecek konularda hukuki sorunlar\u0131n\u0131z\u0131 profesyonel bir \u015fekilde inceleyerek pratik ve etkili \u00e7\u00f6z\u00fcmler \u00fcretmektedir.<\/p>\n<p>&nbsp;<\/p>\n<p>&nbsp;<\/p>\n","protected":false},"excerpt":{"rendered":"<p>T\u00fczel ki\u015fili\u011fe sahip, ortaklar\u0131n\u0131n ekonomik ihtiya\u00e7lar\u0131n\u0131 kar\u015f\u0131lamak amac\u0131yla kurulan, i\u015f g\u00fcc\u00fc ve parasal katk\u0131larla beraber yard\u0131m, dayan\u0131\u015fma ve kefalet prensipleriyle geli\u015ftirilen ortakl\u0131klar\u0131n kanuni kar\u015f\u0131l\u0131\u011f\u0131 \u201cKooperatif\u201dlerdir. &nbsp; \u0130nsanlar tek ba\u015flar\u0131na kar\u015f\u0131layamayacaklar\u0131 ihtiya\u00e7lar\u0131 i\u00e7in bir araya gelmekte ve bu ihtiya\u00e7lar\u0131n\u0131 hem daha h\u0131zl\u0131 hem maliyet bak\u0131m\u0131ndan daha d\u00fc\u015f\u00fck b\u00fct\u00e7eyle kooperatif ortakl\u0131klar\u0131 \u00fczerinden kar\u015f\u0131layabilmektedirler. &nbsp; Bir\u00e7ok alanda kooperatif kurulabilmektedir. \u00dclkemizde bunlar\u0131n en yayg\u0131n kullan\u0131m\u0131 yap\u0131 kooperatifleridir. Devlet deste\u011fi de sunulan yap\u0131 kooperatifleri ortakl\u0131klar\u0131nda maliyetin d\u00fc\u015f\u00fcr\u00fclmesi sa\u011flanmakta ve ortakl\u0131k i\u00e7indeki idare mekanizmas\u0131 sayesinde yap\u0131 in\u015faat\u0131n\u0131n daha pratik \u015fekilde h\u0131z kazanmas\u0131 sa\u011flanmaktad\u0131r. Tabi ki her ne kadar idari denetim mekanizmas\u0131 da olsa kooperatif ortakl\u0131klar\u0131nda da&#8230;<\/p>\n","protected":false},"author":1,"featured_media":0,"parent":0,"menu_order":0,"comment_status":"closed","ping_status":"closed","template":"","meta":[],"_links":{"self":[{"href":"https:\/\/www.karahukukankara.com\/index.php\/wp-json\/wp\/v2\/pages\/2917"}],"collection":[{"href":"https:\/\/www.karahukukankara.com\/index.php\/wp-json\/wp\/v2\/pages"}],"about":[{"href":"https:\/\/www.karahukukankara.com\/index.php\/wp-json\/wp\/v2\/types\/page"}],"author":[{"embeddable":true,"href":"https:\/\/www.karahukukankara.com\/index.php\/wp-json\/wp\/v2\/users\/1"}],"replies":[{"embeddable":true,"href":"https:\/\/www.karahukukankara.com\/index.php\/wp-json\/wp\/v2\/comments?post=2917"}],"version-history":[{"count":3,"href":"https:\/\/www.karahukukankara.com\/index.php\/wp-json\/wp\/v2\/pages\/2917\/revisions"}],"predecessor-version":[{"id":2920,"href":"https:\/\/www.karahukukankara.com\/index.php\/wp-json\/wp\/v2\/pages\/2917\/revisions\/2920"}],"wp:attachment":[{"href":"https:\/\/www.karahukukankara.com\/index.php\/wp-json\/wp\/v2\/media?parent=2917"}],"curies":[{"name":"wp","href":"https:\/\/api.w.org\/{rel}","templated":true}]}}