{"id":2901,"date":"2018-08-08T12:07:50","date_gmt":"2018-08-08T09:07:50","guid":{"rendered":"http:\/\/www.karahukukankara.com\/?page_id=2901"},"modified":"2018-08-08T12:16:59","modified_gmt":"2018-08-08T09:16:59","slug":"icra-hukuku","status":"publish","type":"page","link":"https:\/\/www.karahukukankara.com\/index.php\/icra-hukuku\/","title":{"rendered":"\u0130cra Hukuku"},"content":{"rendered":"<p style=\"text-align: justify;\">Bor\u00e7lunun borcunu zaman\u0131nda \u00f6dememesi veya hi\u00e7 \u00f6dememesi halinde, alacakl\u0131n\u0131n talebi ile, icra ve iflas m\u00fcd\u00fcrl\u00fckleri vas\u0131tas\u0131yla bor\u00e7lunun ta\u015f\u0131n\u0131r ve ta\u015f\u0131nmaz varl\u0131klar\u0131n\u0131n tespit edilerek alaca\u011f\u0131n \u0130cra ve \u0130flas Kanunu kapsam\u0131nda tahsil edilmesi \u201c\u0130cra Hukuku\u201d kapsam\u0131ndad\u0131r.<\/p>\n<p>&nbsp;<\/p>\n<p style=\"text-align: justify;\">\u00c7ok geni\u015f bir alana sahip \u0130cra Hukuku\u2019nda icra takibinin pek \u00e7ok \u00e7e\u015fidi bulunmaktad\u0131r. Mahkeme kararlar\u0131n\u0131n icras\u0131 \u015feklinde \u201c\u0130laml\u0131 \u0130cra Takibi Yolu\u201d ile olabilece\u011fi gibi, bir mahkeme karar\u0131 ile h\u00fck\u00fcm alt\u0131na al\u0131nmayan alacaklar\u0131n da \u201c\u0130lams\u0131z \u0130cra Takibi Yolu\u201d ile m\u00fcmk\u00fcnd\u00fcr. \u0130lams\u0131z icra takip yolu da kendi i\u00e7inde alacakl\u0131 ile bor\u00e7lu aras\u0131nda alaca\u011f\u0131 ispatlayan herhangi bir yaz\u0131l\u0131 belge olup olmamas\u0131na g\u00f6re de t\u00fcrlere ayr\u0131l\u0131r. Alacakl\u0131 ile bor\u00e7lu aras\u0131nda herhangi bir yaz\u0131l\u0131 belge olmamas\u0131 halinde de alaca\u011f\u0131n takibi m\u00fcmk\u00fcnd\u00fcr ve bu halde genel haciz yoluyla ilams\u0131z icra takibi uygulan\u0131r. Alacakl\u0131 ile bor\u00e7lu aras\u0131nda d\u00fczenlenen bir kambiyo senedi mevcut ise bu halde kambiyo senetlerine mahsus ilams\u0131z icra takibi yap\u0131l\u0131r.<\/p>\n<p>&nbsp;<\/p>\n<p style=\"text-align: justify;\">Bunlar d\u0131\u015f\u0131nda ipote\u011fin paraya \u00e7evrilmesi yoluyla ilams\u0131z icra takibi ve \u00f6zellikle kira s\u00f6zle\u015fmeleri kapsam\u0131nda s\u0131k\u00e7a ortaya \u00e7\u0131kan tahliye sorunlar\u0131na y\u00f6nelik olarak da kiralanan ta\u015f\u0131nmazlar\u0131n tahliyesine ili\u015fkin icra takibi vas\u0131tas\u0131yla da kirac\u0131n\u0131n tahliyesi temin edilmektedir.<\/p>\n<p>&nbsp;<\/p>\n<p style=\"text-align: justify;\"><strong>\u0130CRA HUKUKU ALANINDA VERD\u0130\u011e\u0130M\u0130Z H\u0130ZMETLER<\/strong><\/p>\n<p>&nbsp;<\/p>\n<p style=\"text-align: justify;\"><img decoding=\"async\" loading=\"lazy\" class=\"alignnone size-full wp-image-2676\" src=\"http:\/\/www.karahukukankara.com\/wp-content\/uploads\/revslider\/home-3\/h3-graphic-star.png\" alt=\"\" width=\"13\" height=\"12\" \/>\u00a0Alacak miktar\u0131 talebe g\u00f6re \u00f6ncelikle bor\u00e7lu ile anla\u015fma sa\u011flanarak tahsil edilmeye \u00e7al\u0131\u015f\u0131lmaktad\u0131r.<\/p>\n<p style=\"text-align: justify;\"><img decoding=\"async\" loading=\"lazy\" class=\"alignnone size-full wp-image-2676\" src=\"http:\/\/www.karahukukankara.com\/wp-content\/uploads\/revslider\/home-3\/h3-graphic-star.png\" alt=\"\" width=\"13\" height=\"12\" \/>\u00a0Bor\u00e7lu ile yap\u0131lan g\u00f6r\u00fc\u015fmeler neticesinde alaca\u011f\u0131n tahsil edilememesi durumunda, icra m\u00fcd\u00fcrl\u00fc\u011f\u00fc arac\u0131l\u0131\u011f\u0131yla icra takibi ba\u015flat\u0131lmaktad\u0131r.<\/p>\n<p style=\"text-align: justify;\"><img decoding=\"async\" loading=\"lazy\" class=\"alignnone size-full wp-image-2676\" src=\"http:\/\/www.karahukukankara.com\/wp-content\/uploads\/revslider\/home-3\/h3-graphic-star.png\" alt=\"\" width=\"13\" height=\"12\" \/>\u00a0Senede ba\u011fl\u0131 alacaklarda ilaml\u0131 takip ba\u015flat\u0131larak, bor\u00e7lunun t\u00fcm mal varl\u0131\u011f\u0131n\u0131n sorgulanmas\u0131, mal varl\u0131klar\u0131na haciz konulmas\u0131, sat\u0131\u015f i\u015flemlerinin ger\u00e7ekle\u015ftirilmesi ve nihayetinde alacak miktar\u0131 tahsil edilmektedir.<\/p>\n<p style=\"text-align: justify;\"><img decoding=\"async\" loading=\"lazy\" class=\"alignnone size-full wp-image-2676\" src=\"http:\/\/www.karahukukankara.com\/wp-content\/uploads\/revslider\/home-3\/h3-graphic-star.png\" alt=\"\" width=\"13\" height=\"12\" \/>\u00a0Senede ba\u011fl\u0131 olmayan alacaklarda ise ilams\u0131z takip davas\u0131 a\u00e7\u0131lmas\u0131, alaca\u011f\u0131n hukuki yollarla ispat\u0131n\u0131n sa\u011flanmas\u0131, takibin kesinle\u015ftirilerek bor\u00e7lunun mal varl\u0131klar\u0131na haciz konulmas\u0131, sat\u0131\u015f i\u015flemlerinin ger\u00e7ekle\u015ftirilmesi ile alaca\u011f\u0131n tahsili sa\u011flanmaktad\u0131r.<\/p>\n<p style=\"text-align: justify;\"><img decoding=\"async\" loading=\"lazy\" class=\"alignnone size-full wp-image-2676\" src=\"http:\/\/www.karahukukankara.com\/wp-content\/uploads\/revslider\/home-3\/h3-graphic-star.png\" alt=\"\" width=\"13\" height=\"12\" \/>\u00a0\u0130potek ve rehinin paraya \u00e7evrilmesi yoluyla alacak takibi yap\u0131lmas\u0131 ile \u015fartlar\u0131 haiz olmak \u00fczere alacak tahsilini ger\u00e7ekle\u015ftirmek amac\u0131yla bor\u00e7lu hakk\u0131nda iflas davas\u0131 a\u00e7\u0131lmas\u0131 ve takibi, alaca\u011f\u0131n iflas yoluyla tahsil edilmektedir.<\/p>\n<p>&nbsp;<\/p>\n","protected":false},"excerpt":{"rendered":"<p>Bor\u00e7lunun borcunu zaman\u0131nda \u00f6dememesi veya hi\u00e7 \u00f6dememesi halinde, alacakl\u0131n\u0131n talebi ile, icra ve iflas m\u00fcd\u00fcrl\u00fckleri vas\u0131tas\u0131yla bor\u00e7lunun ta\u015f\u0131n\u0131r ve ta\u015f\u0131nmaz varl\u0131klar\u0131n\u0131n tespit edilerek alaca\u011f\u0131n \u0130cra ve \u0130flas Kanunu kapsam\u0131nda tahsil edilmesi \u201c\u0130cra Hukuku\u201d kapsam\u0131ndad\u0131r. &nbsp; \u00c7ok geni\u015f bir alana sahip \u0130cra Hukuku\u2019nda icra takibinin pek \u00e7ok \u00e7e\u015fidi bulunmaktad\u0131r. Mahkeme kararlar\u0131n\u0131n icras\u0131 \u015feklinde \u201c\u0130laml\u0131 \u0130cra Takibi Yolu\u201d ile olabilece\u011fi gibi, bir mahkeme karar\u0131 ile h\u00fck\u00fcm alt\u0131na al\u0131nmayan alacaklar\u0131n da \u201c\u0130lams\u0131z \u0130cra Takibi Yolu\u201d ile m\u00fcmk\u00fcnd\u00fcr. \u0130lams\u0131z icra takip yolu da kendi i\u00e7inde alacakl\u0131 ile bor\u00e7lu aras\u0131nda alaca\u011f\u0131 ispatlayan herhangi bir yaz\u0131l\u0131 belge olup olmamas\u0131na g\u00f6re de t\u00fcrlere ayr\u0131l\u0131r. Alacakl\u0131 ile bor\u00e7lu&#8230;<\/p>\n","protected":false},"author":1,"featured_media":0,"parent":0,"menu_order":0,"comment_status":"closed","ping_status":"closed","template":"","meta":[],"_links":{"self":[{"href":"https:\/\/www.karahukukankara.com\/index.php\/wp-json\/wp\/v2\/pages\/2901"}],"collection":[{"href":"https:\/\/www.karahukukankara.com\/index.php\/wp-json\/wp\/v2\/pages"}],"about":[{"href":"https:\/\/www.karahukukankara.com\/index.php\/wp-json\/wp\/v2\/types\/page"}],"author":[{"embeddable":true,"href":"https:\/\/www.karahukukankara.com\/index.php\/wp-json\/wp\/v2\/users\/1"}],"replies":[{"embeddable":true,"href":"https:\/\/www.karahukukankara.com\/index.php\/wp-json\/wp\/v2\/comments?post=2901"}],"version-history":[{"count":10,"href":"https:\/\/www.karahukukankara.com\/index.php\/wp-json\/wp\/v2\/pages\/2901\/revisions"}],"predecessor-version":[{"id":2911,"href":"https:\/\/www.karahukukankara.com\/index.php\/wp-json\/wp\/v2\/pages\/2901\/revisions\/2911"}],"wp:attachment":[{"href":"https:\/\/www.karahukukankara.com\/index.php\/wp-json\/wp\/v2\/media?parent=2901"}],"curies":[{"name":"wp","href":"https:\/\/api.w.org\/{rel}","templated":true}]}}