{"id":2890,"date":"2018-08-08T11:56:16","date_gmt":"2018-08-08T08:56:16","guid":{"rendered":"http:\/\/www.karahukukankara.com\/?page_id=2890"},"modified":"2018-08-17T09:58:38","modified_gmt":"2018-08-17T06:58:38","slug":"ankara-aile-hukuku","status":"publish","type":"page","link":"https:\/\/www.karahukukankara.com\/index.php\/ankara-aile-hukuku\/","title":{"rendered":"Aile Hukuku"},"content":{"rendered":"<p style=\"text-align: justify;\"><strong>A\u0130LE AVUKATLI\u011eI<\/strong><\/p>\n<p>&nbsp;<\/p>\n<p style=\"text-align: justify;\">\u00a0 \u00a0 \u00a0Aile Avukat\u0131 bir ailenin her t\u00fcrl\u00fc hukuki sorunlar\u0131yla ilgilenen ve genellikle hukuki sorunlar hen\u00fcz ortaya \u00e7\u0131kmadan \u00f6nce \u00f6nleyici nitelikte hukuki dan\u0131\u015fmanl\u0131k hizmeti veren bir aland\u0131r. Bununla birlikte Aile Avukatl\u0131\u011f\u0131 hukuki sorunlar\u0131n adli mercilere aksettirilmesi ile hukuki uyu\u015fmazl\u0131\u011fa d\u00f6n\u00fc\u015fmesi sonucunda pratik ve h\u0131zl\u0131 bir sonu\u00e7 kazand\u0131ran dan\u0131\u015fmanl\u0131k hizmetlerini de kapsamaktad\u0131r.<\/p>\n<p>&nbsp;<\/p>\n<p style=\"text-align: justify;\">\u00a0 \u00a0 \u00a0Ba\u015fta 4721 Say\u0131l\u0131 Medeni Kanun ve 6284 Say\u0131l\u0131 Ailenin Korunmas\u0131 ve Kad\u0131na Kar\u015f\u0131 \u015eiddetin \u00d6nlenmesine Dair Kanun ile birlikte Aile Avukatl\u0131\u011f\u0131na i\u015flerlik kazand\u0131rmaktad\u0131r. Aile Hukuku kapsam\u0131nda genel olarak akla ilk olarak bo\u015fanma gelse de;<\/p>\n<p>&nbsp;<\/p>\n<p><img decoding=\"async\" loading=\"lazy\" class=\"alignnone size-full wp-image-2676\" src=\"http:\/\/www.karahukukankara.com\/wp-content\/uploads\/revslider\/home-3\/h3-graphic-star.png\" alt=\"\" width=\"13\" height=\"12\" \/>\u00a0ni\u015fanlanma<br \/>\n<img decoding=\"async\" loading=\"lazy\" class=\"alignnone size-full wp-image-2676\" src=\"http:\/\/www.karahukukankara.com\/wp-content\/uploads\/revslider\/home-3\/h3-graphic-star.png\" alt=\"\" width=\"13\" height=\"12\" \/>\u00a0evlenme<br \/>\n<img decoding=\"async\" loading=\"lazy\" class=\"alignnone size-full wp-image-2676\" src=\"http:\/\/www.karahukukankara.com\/wp-content\/uploads\/revslider\/home-3\/h3-graphic-star.png\" alt=\"\" width=\"13\" height=\"12\" \/>\u00a0evlili\u011fin iptali<br \/>\n<img decoding=\"async\" loading=\"lazy\" class=\"alignnone size-full wp-image-2676\" src=\"http:\/\/www.karahukukankara.com\/wp-content\/uploads\/revslider\/home-3\/h3-graphic-star.png\" alt=\"\" width=\"13\" height=\"12\" \/>\u00a0nesebin reddi<br \/>\n<img decoding=\"async\" loading=\"lazy\" class=\"alignnone size-full wp-image-2676\" src=\"http:\/\/www.karahukukankara.com\/wp-content\/uploads\/revslider\/home-3\/h3-graphic-star.png\" alt=\"\" width=\"13\" height=\"12\" \/>\u00a0babal\u0131k davas\u0131<br \/>\n<img decoding=\"async\" loading=\"lazy\" class=\"alignnone size-full wp-image-2676\" src=\"http:\/\/www.karahukukankara.com\/wp-content\/uploads\/revslider\/home-3\/h3-graphic-star.png\" alt=\"\" width=\"13\" height=\"12\" \/>\u00a0mal rejimi<br \/>\n<img decoding=\"async\" loading=\"lazy\" class=\"alignnone size-full wp-image-2676\" src=\"http:\/\/www.karahukukankara.com\/wp-content\/uploads\/revslider\/home-3\/h3-graphic-star.png\" alt=\"\" width=\"13\" height=\"12\" \/>\u00a0velayet<br \/>\n<img decoding=\"async\" loading=\"lazy\" class=\"alignnone size-full wp-image-2676\" src=\"http:\/\/www.karahukukankara.com\/wp-content\/uploads\/revslider\/home-3\/h3-graphic-star.png\" alt=\"\" width=\"13\" height=\"12\" \/>\u00a0velayetin de\u011fi\u015ftirilmesi<br \/>\n<img decoding=\"async\" loading=\"lazy\" class=\"alignnone size-full wp-image-2676\" src=\"http:\/\/www.karahukukankara.com\/wp-content\/uploads\/revslider\/home-3\/h3-graphic-star.png\" alt=\"\" width=\"13\" height=\"12\" \/>\u00a0evlat edinme<br \/>\n<img decoding=\"async\" loading=\"lazy\" class=\"alignnone size-full wp-image-2676\" src=\"http:\/\/www.karahukukankara.com\/wp-content\/uploads\/revslider\/home-3\/h3-graphic-star.png\" alt=\"\" width=\"13\" height=\"12\" \/>\u00a0nafaka<br \/>\n<img decoding=\"async\" loading=\"lazy\" class=\"alignnone size-full wp-image-2676\" src=\"http:\/\/www.karahukukankara.com\/wp-content\/uploads\/revslider\/home-3\/h3-graphic-star.png\" alt=\"\" width=\"13\" height=\"12\" \/>\u00a0tazminat<\/p>\n<p style=\"text-align: justify;\">&#8211; ve \u00f6zellikle 6284 Say\u0131l\u0131 Ailenin Korunmas\u0131 ve Kad\u0131na Kar\u015f\u0131 \u015eiddetin \u00d6nlenmesine Dair Kanun\u2019un etkili olarak kullan\u0131m\u0131 i\u00e7in uzman bir Aile Avukat\u0131n\u0131n bu alanlarda hukuki hizmet vermesi \u00f6nemlidir.<\/p>\n<p>&nbsp;<\/p>\n<p style=\"text-align: justify;\">\u00a0 \u00a0 \u00a0Toplumun temel yap\u0131ta\u015f\u0131 niteli\u011fi bulunan aile kurumu i\u00e7inde kar\u015f\u0131la\u015f\u0131labilecek hukuki sorunlar ve uyu\u015fmazl\u0131klar i\u00e7in herhangi bir avukattan ziyade do\u011frudan bu alanda uzmanl\u0131\u011f\u0131 ve tecr\u00fcbesi bulunan bir Aile Avukat\u0131na ba\u015fvurmak \u00e7ok \u00f6nemlidir.<\/p>\n<p>&nbsp;<\/p>\n<p style=\"text-align: justify;\">\u00a0 \u00a0 \u00a0Aile kurumu i\u00e7inde kar\u015f\u0131la\u015f\u0131labilecek sorunlar gerek aile i\u00e7inde \u00f6zellikle \u00e7ocuklar\u0131 gerekse de \u00e7ekirdek aile d\u0131\u015f\u0131nda geni\u015f aile kavram\u0131na giren akrabal\u0131k ili\u015fkilerini \u00e7ok zorda b\u0131rakmaktad\u0131r. Aile i\u00e7indeki en ufak bir sorun dalga halinde \u00e7e\u015fitli sosyal ili\u015fkilerde olumsuz yan etkilere sebep oluyor. Bu noktada mesleki bilgi ve tecr\u00fcbesiyle uzman bir Aile Avukat\u0131n\u0131n hukuki dan\u0131\u015fmanl\u0131\u011f\u0131, m\u00fcvekkillerini bilgilendirme ve davalarda temsil etme hususunda en etkili sonu\u00e7lar\u0131 vermektedir.<\/p>\n<p>&nbsp;<\/p>\n<p>&nbsp;<\/p>\n","protected":false},"excerpt":{"rendered":"<p>A\u0130LE AVUKATLI\u011eI &nbsp; \u00a0 \u00a0 \u00a0Aile Avukat\u0131 bir ailenin her t\u00fcrl\u00fc hukuki sorunlar\u0131yla ilgilenen ve genellikle hukuki sorunlar hen\u00fcz ortaya \u00e7\u0131kmadan \u00f6nce \u00f6nleyici nitelikte hukuki dan\u0131\u015fmanl\u0131k hizmeti veren bir aland\u0131r. Bununla birlikte Aile Avukatl\u0131\u011f\u0131 hukuki sorunlar\u0131n adli mercilere aksettirilmesi ile hukuki uyu\u015fmazl\u0131\u011fa d\u00f6n\u00fc\u015fmesi sonucunda pratik ve h\u0131zl\u0131 bir sonu\u00e7 kazand\u0131ran dan\u0131\u015fmanl\u0131k hizmetlerini de kapsamaktad\u0131r. &nbsp; \u00a0 \u00a0 \u00a0Ba\u015fta 4721 Say\u0131l\u0131 Medeni Kanun ve 6284 Say\u0131l\u0131 Ailenin Korunmas\u0131 ve Kad\u0131na Kar\u015f\u0131 \u015eiddetin \u00d6nlenmesine Dair Kanun ile birlikte Aile Avukatl\u0131\u011f\u0131na i\u015flerlik kazand\u0131rmaktad\u0131r. Aile Hukuku kapsam\u0131nda genel olarak akla ilk olarak bo\u015fanma gelse de; &nbsp; \u00a0ni\u015fanlanma \u00a0evlenme \u00a0evlili\u011fin iptali \u00a0nesebin reddi \u00a0babal\u0131k davas\u0131&#8230;<\/p>\n","protected":false},"author":1,"featured_media":0,"parent":0,"menu_order":0,"comment_status":"closed","ping_status":"closed","template":"","meta":[],"_links":{"self":[{"href":"https:\/\/www.karahukukankara.com\/index.php\/wp-json\/wp\/v2\/pages\/2890"}],"collection":[{"href":"https:\/\/www.karahukukankara.com\/index.php\/wp-json\/wp\/v2\/pages"}],"about":[{"href":"https:\/\/www.karahukukankara.com\/index.php\/wp-json\/wp\/v2\/types\/page"}],"author":[{"embeddable":true,"href":"https:\/\/www.karahukukankara.com\/index.php\/wp-json\/wp\/v2\/users\/1"}],"replies":[{"embeddable":true,"href":"https:\/\/www.karahukukankara.com\/index.php\/wp-json\/wp\/v2\/comments?post=2890"}],"version-history":[{"count":12,"href":"https:\/\/www.karahukukankara.com\/index.php\/wp-json\/wp\/v2\/pages\/2890\/revisions"}],"predecessor-version":[{"id":2963,"href":"https:\/\/www.karahukukankara.com\/index.php\/wp-json\/wp\/v2\/pages\/2890\/revisions\/2963"}],"wp:attachment":[{"href":"https:\/\/www.karahukukankara.com\/index.php\/wp-json\/wp\/v2\/media?parent=2890"}],"curies":[{"name":"wp","href":"https:\/\/api.w.org\/{rel}","templated":true}]}}