{"id":2882,"date":"2018-08-08T11:47:04","date_gmt":"2018-08-08T08:47:04","guid":{"rendered":"http:\/\/www.karahukukankara.com\/?page_id=2882"},"modified":"2018-08-08T11:51:15","modified_gmt":"2018-08-08T08:51:15","slug":"hakkimizda","status":"publish","type":"page","link":"https:\/\/www.karahukukankara.com\/index.php\/hakkimizda\/","title":{"rendered":"HAKKIMIZDA"},"content":{"rendered":"<p>[vc_row content_aligment=&#8221;center&#8221; triangle_shape=&#8221;no&#8221; css=&#8221;.vc_custom_1533718201953{padding-bottom: 10px !important;background-position: center !important;background-repeat: no-repeat !important;background-size: cover !important;}&#8221;][vc_column]<div class=\"mkd-separator-holder clearfix  mkd-separator-center mkd-separator-with-icon mkd-animate\" style=\"margin-top: 20px; margin-bottom: 30px\">\n\t<div class=\"mkd-separator\" style=\"border-color: #c18f59;border-style: solid;width: 97.5px\"><\/div>\n\t\t<div class=\"mkd-separator-icon\">\n\t\t\t                    <img width=\"143\" height=\"56\" src=\"https:\/\/www.karahukukankara.com\/wp-content\/uploads\/2018\/08\/L9.png\" class=\"attachment-full size-full\" alt=\"\" decoding=\"async\" loading=\"lazy\" \/>\t\t\t\t\t\t<\/div>\n\t<div class=\"mkd-separator\" style=\"border-color: #c18f59;border-style: solid;width: 97.5px\"><\/div>\n<\/div>\n[vc_column_text]<\/p>\n<h1><span style=\"color: #c18f59;\">Kara Hukuk<\/span>\u00a0Herzaman yan\u0131n\u0131zda<\/h1>\n<p>[\/vc_column_text][vc_empty_space height=&#8221;23px&#8221;][vc_column_text]<\/p>\n<p style=\"text-align: left;\">Kara Hukuk B\u00fcrosu 2004 y\u0131l\u0131nda kurulmu\u015ftur. Ankara\u2019da faaliyet g\u00f6steren b\u00fcromuz hem dan\u0131\u015fmanl\u0131k hem de dava takibi hizmetleri sunmaktad\u0131r.<\/p>\n<p>&nbsp;<\/p>\n<p style=\"text-align: left;\">B\u00fcromuzun ba\u015fl\u0131ca faaliyet alanlar\u0131 \u015eirketler Hukuku ve Kooperatifler Hukukuna ili\u015fkin olmak \u00fczere, Sa\u011fl\u0131k Hukuku, Ticaret Hukuku, \u0130\u015f Hukuku, \u0130cra Hukuku, Marka Hukuku ve Aile Hukuku alanlar\u0131nda da hizmetler vermektedir.<\/p>\n<p>&nbsp;<\/p>\n<p style=\"text-align: left;\">Hukuki hizmetlerimizde son derece karma\u015f\u0131k konular\u0131 basitle\u015ftirerek pratik \u00e7\u00f6z\u00fcmler \u00fcretmek konusunda titiz ve detayl\u0131 hukuki hizmet sunulmaktad\u0131r. Hizmet verdi\u011fimiz sekt\u00f6rlere ili\u015fkin yasal geli\u015fmeleri yak\u0131ndan takip ederek, m\u00fcvekkillerimize etkin ve dinamik avukatl\u0131k ve hukuk dan\u0131\u015fmanl\u0131\u011f\u0131 hizmeti sa\u011flamay\u0131 ama\u00e7lamaktay\u0131z.<\/p>\n<p>[\/vc_column_text][vc_empty_space height=&#8221;60px&#8221;][\/vc_column][\/vc_row]<\/p>\n","protected":false},"excerpt":{"rendered":"<p>[vc_row content_aligment=&#8221;center&#8221; triangle_shape=&#8221;no&#8221; css=&#8221;.vc_custom_1533718201953{padding-bottom: 10px !important;background-position: center !important;background-repeat: no-repeat !important;background-size: cover !important;}&#8221;][vc_column][vc_column_text] Kara Hukuk\u00a0Herzaman yan\u0131n\u0131zda [\/vc_column_text][vc_empty_space height=&#8221;23px&#8221;][vc_column_text] Kara Hukuk B\u00fcrosu 2004 y\u0131l\u0131nda kurulmu\u015ftur. Ankara\u2019da faaliyet g\u00f6steren b\u00fcromuz hem dan\u0131\u015fmanl\u0131k hem de dava takibi hizmetleri sunmaktad\u0131r. &nbsp; B\u00fcromuzun ba\u015fl\u0131ca faaliyet alanlar\u0131 \u015eirketler Hukuku ve Kooperatifler Hukukuna ili\u015fkin olmak \u00fczere, Sa\u011fl\u0131k Hukuku, Ticaret Hukuku, \u0130\u015f Hukuku, \u0130cra Hukuku, Marka Hukuku ve Aile Hukuku alanlar\u0131nda da hizmetler vermektedir. &nbsp; Hukuki hizmetlerimizde son derece karma\u015f\u0131k konular\u0131 basitle\u015ftirerek pratik \u00e7\u00f6z\u00fcmler \u00fcretmek konusunda titiz ve detayl\u0131 hukuki hizmet sunulmaktad\u0131r. Hizmet verdi\u011fimiz sekt\u00f6rlere ili\u015fkin yasal geli\u015fmeleri yak\u0131ndan takip ederek, m\u00fcvekkillerimize etkin ve dinamik avukatl\u0131k ve hukuk dan\u0131\u015fmanl\u0131\u011f\u0131&#8230;<\/p>\n","protected":false},"author":1,"featured_media":0,"parent":0,"menu_order":0,"comment_status":"closed","ping_status":"closed","template":"","meta":[],"_links":{"self":[{"href":"https:\/\/www.karahukukankara.com\/index.php\/wp-json\/wp\/v2\/pages\/2882"}],"collection":[{"href":"https:\/\/www.karahukukankara.com\/index.php\/wp-json\/wp\/v2\/pages"}],"about":[{"href":"https:\/\/www.karahukukankara.com\/index.php\/wp-json\/wp\/v2\/types\/page"}],"author":[{"embeddable":true,"href":"https:\/\/www.karahukukankara.com\/index.php\/wp-json\/wp\/v2\/users\/1"}],"replies":[{"embeddable":true,"href":"https:\/\/www.karahukukankara.com\/index.php\/wp-json\/wp\/v2\/comments?post=2882"}],"version-history":[{"count":6,"href":"https:\/\/www.karahukukankara.com\/index.php\/wp-json\/wp\/v2\/pages\/2882\/revisions"}],"predecessor-version":[{"id":2888,"href":"https:\/\/www.karahukukankara.com\/index.php\/wp-json\/wp\/v2\/pages\/2882\/revisions\/2888"}],"wp:attachment":[{"href":"https:\/\/www.karahukukankara.com\/index.php\/wp-json\/wp\/v2\/media?parent=2882"}],"curies":[{"name":"wp","href":"https:\/\/api.w.org\/{rel}","templated":true}]}}